{"id":8064,"date":"2025-05-11T20:59:16","date_gmt":"2025-05-11T20:59:16","guid":{"rendered":"https:\/\/sobanscy.eu\/?page_id=8064"},"modified":"2025-12-03T12:22:22","modified_gmt":"2025-12-03T12:22:22","slug":"spedycja","status":"publish","type":"page","link":"https:\/\/sobanscy.eu\/en\/spedycja\/","title":{"rendered":"Forwarding"},"content":{"rendered":"<div data-elementor-type=\"wp-page\" data-elementor-id=\"8064\" class=\"elementor elementor-8064\">\n\t\t\t\t\t\t<section class=\"elementor-section elementor-top-section elementor-element elementor-element-d602937 elementor-section-full_width qodef-elementor-content-grid elementor-section-height-default elementor-section-height-default\" data-id=\"d602937\" data-element_type=\"section\" data-settings=\"{&quot;background_background&quot;:&quot;classic&quot;}\">\n\t\t\t\t\t\t<div class=\"elementor-container elementor-column-gap-no\">\n\t\t\t\t\t<div class=\"elementor-column elementor-col-100 elementor-top-column elementor-element elementor-element-42d7dd3\" data-id=\"42d7dd3\" data-element_type=\"column\">\n\t\t\t<div class=\"elementor-widget-wrap elementor-element-populated\">\n\t\t\t\t<div class=\"elementor-element elementor-element-25382b6 e-con-full e-flex qodef-elementor-content-no e-con e-parent\" data-id=\"25382b6\" data-element_type=\"container\">\n\t\t<div class=\"elementor-element elementor-element-1c1712f e-con-full e-flex qodef-elementor-content-no e-con e-child\" data-id=\"1c1712f\" data-element_type=\"container\">\n\t\t\t\t<div class=\"elementor-element elementor-element-04d6be7 elementor-widget elementor-widget-heading\" data-id=\"04d6be7\" data-element_type=\"widget\" data-widget_type=\"heading.default\">\n\t\t\t\t<div class=\"elementor-widget-container\">\n\t\t\t\t\t<h2 class=\"elementor-heading-title elementor-size-default\">Domestic and international forwarding<\/h2>\t\t\t\t<\/div>\n\t\t\t\t<\/div>\n\t\t\t\t<div class=\"elementor-element elementor-element-218d407 elementor-widget elementor-widget-text-editor\" data-id=\"218d407\" data-element_type=\"widget\" data-widget_type=\"text-editor.default\">\n\t\t\t\t<div class=\"elementor-widget-container\">\n\t\t\t\t\t\t\t\t\tWe provide not only professional road transportation, but also full service in the field of <strong>domestic and international forwarding<\/strong>. Our services include the organization of shipments within Poland and throughout Europe. As a result, customers are assured that their cargoes are planned, coordinated, and supervised by experienced specialists. We realize <strong>transportation<\/strong>, <strong>forwarding<\/strong> <strong>national<\/strong> and <strong>international<\/strong>, which we dedicate to entrepreneurs looking for flexible, timely logistics solutions. We serve companies from various industries, tailoring the transportation process to their individual needs. Thanks to a wide network of partners, we can quickly respond to changes and provide the highest quality services in the area of <strong>international transport<\/strong>, as well as <strong>domestic shipping<\/strong>.\t\t\t\t\t\t\t\t<\/div>\n\t\t\t\t<\/div>\n\t\t\t\t<\/div>\n\t\t<div class=\"elementor-element elementor-element-1beb147 e-con-full e-flex qodef-elementor-content-no e-con e-child\" data-id=\"1beb147\" data-element_type=\"container\">\n\t\t\t\t<div class=\"elementor-element elementor-element-831e3d7 elementor-widget elementor-widget-image\" data-id=\"831e3d7\" data-element_type=\"widget\" data-widget_type=\"image.default\">\n\t\t\t\t<div class=\"elementor-widget-container\">\n\t\t\t\t\t\t\t\t\t\t\t\t\t\t\t<img fetchpriority=\"high\" decoding=\"async\" width=\"1024\" height=\"683\" src=\"https:\/\/sobanscy.eu\/wp-content\/uploads\/2025\/05\/IMG_7160-1024x683.jpg\" class=\"attachment-large size-large wp-image-7954\" alt=\"Spedycja krajowa oraz mi\u0119dzynarodowa\" srcset=\"https:\/\/sobanscy.eu\/wp-content\/uploads\/2025\/05\/IMG_7160-1024x683.jpg 1024w, https:\/\/sobanscy.eu\/wp-content\/uploads\/2025\/05\/IMG_7160-300x200.jpg 300w, https:\/\/sobanscy.eu\/wp-content\/uploads\/2025\/05\/IMG_7160-768x512.jpg 768w, https:\/\/sobanscy.eu\/wp-content\/uploads\/2025\/05\/IMG_7160.jpg 1200w\" sizes=\"(max-width: 1024px) 100vw, 1024px\" \/>\t\t\t\t\t\t\t\t\t\t\t\t\t\t\t<\/div>\n\t\t\t\t<\/div>\n\t\t\t\t<\/div>\n\t\t\t\t<\/div>\n\t\t\t\t\t<\/div>\n\t\t<\/div>\n\t\t\t\t\t<\/div>\n\t\t<\/section>\n\t\t\t\t<section class=\"elementor-section elementor-top-section elementor-element elementor-element-ea9edff elementor-section-full_width qodef-elementor-content-grid elementor-section-height-default elementor-section-height-default\" data-id=\"ea9edff\" data-element_type=\"section\" data-settings=\"{&quot;background_background&quot;:&quot;classic&quot;}\">\n\t\t\t\t\t\t<div class=\"elementor-container elementor-column-gap-no\">\n\t\t\t\t\t<div class=\"elementor-column elementor-col-100 elementor-top-column elementor-element elementor-element-d1f8194\" data-id=\"d1f8194\" data-element_type=\"column\">\n\t\t\t<div class=\"elementor-widget-wrap elementor-element-populated\">\n\t\t\t\t<div class=\"elementor-element elementor-element-19cc3e4 e-con-full e-flex qodef-elementor-content-no e-con e-parent\" data-id=\"19cc3e4\" data-element_type=\"container\">\n\t\t<div class=\"elementor-element elementor-element-9c90235 e-con-full e-flex qodef-elementor-content-no e-con e-child\" data-id=\"9c90235\" data-element_type=\"container\">\n\t\t\t\t<div class=\"elementor-element elementor-element-9f287a1 elementor-widget elementor-widget-image\" data-id=\"9f287a1\" data-element_type=\"widget\" data-widget_type=\"image.default\">\n\t\t\t\t<div class=\"elementor-widget-container\">\n\t\t\t\t\t\t\t\t\t\t\t\t\t\t\t<img decoding=\"async\" width=\"1024\" height=\"683\" src=\"https:\/\/sobanscy.eu\/wp-content\/uploads\/2025\/05\/IMG_7172-1024x683.jpg\" class=\"attachment-large size-large wp-image-7956\" alt=\"Spedycja krajowa oraz zagraniczna ze \u015bledzeniem \u0142adunku w czasie rzeczywistym\" srcset=\"https:\/\/sobanscy.eu\/wp-content\/uploads\/2025\/05\/IMG_7172-1024x683.jpg 1024w, https:\/\/sobanscy.eu\/wp-content\/uploads\/2025\/05\/IMG_7172-300x200.jpg 300w, https:\/\/sobanscy.eu\/wp-content\/uploads\/2025\/05\/IMG_7172-768x512.jpg 768w, https:\/\/sobanscy.eu\/wp-content\/uploads\/2025\/05\/IMG_7172.jpg 1200w\" sizes=\"(max-width: 1024px) 100vw, 1024px\" \/>\t\t\t\t\t\t\t\t\t\t\t\t\t\t\t<\/div>\n\t\t\t\t<\/div>\n\t\t\t\t<\/div>\n\t\t<div class=\"elementor-element elementor-element-1064efb e-con-full e-flex qodef-elementor-content-no e-con e-child\" data-id=\"1064efb\" data-element_type=\"container\">\n\t\t\t\t<div class=\"elementor-element elementor-element-3a04086 elementor-widget elementor-widget-heading\" data-id=\"3a04086\" data-element_type=\"widget\" data-widget_type=\"heading.default\">\n\t\t\t\t<div class=\"elementor-widget-container\">\n\t\t\t\t\t<h2 class=\"elementor-heading-title elementor-size-default\">Modern transportation surveillance system<\/h2>\t\t\t\t<\/div>\n\t\t\t\t<\/div>\n\t\t\t\t<div class=\"elementor-element elementor-element-0993384 elementor-widget elementor-widget-text-editor\" data-id=\"0993384\" data-element_type=\"widget\" data-widget_type=\"text-editor.default\">\n\t\t\t\t<div class=\"elementor-widget-container\">\n\t\t\t\t\t\t\t\t\tAs a reliable and honest<strong> forwarder <\/strong>based in the province of. <strong>Pomeranian <\/strong>We provide customers with a fully computerized monitoring system. Which allows you to manage orders, as well as full control over shipments. This makes it possible:\n\t\t\t\t\t\t\t\t<\/div>\n\t\t\t\t<\/div>\n\t\t\t\t<div class=\"elementor-element elementor-element-41f92c1 elementor-widget elementor-widget-globefarer_core_list_items\" data-id=\"41f92c1\" data-element_type=\"widget\" data-widget_type=\"globefarer_core_list_items.default\">\n\t\t\t\t<div class=\"elementor-widget-container\">\n\t\t\t\t\t<div class=\"qodef-shortcode qodef-m qodef-list-items qodef-layout--bulleted-list\">\n\t\t\t\t<ul class=\"qodef-m-list\">\n\t\t\t\t\t\t\t\t<li class=\"qodef-m-list-item\" >\n\t<span class=\"qodef-m-list-marker\">\n\t<svg class=\"qodef-svg--tick qodef-m-list-item-marker\" xmlns=\"http:\/\/www.w3.org\/2000\/svg\" width=\"16.971\" height=\"12.728\" viewbox=\"0 0 16.971 12.728\"><g transform=\"translate(-766.793 -1747.429)\"><rect width=\"16\" height=\"2\" transform=\"translate(771.035 1758.743) rotate(-45)\"\/><rect width=\"2\" height=\"8\" transform=\"translate(773.864 1758.743) rotate(135)\"\/><\/g><\/svg><\/span>\n\t<p class=\"qodef-m-list-item-inner\">\n\t\t\t\t\t\t<span class=\"qodef-m-list-text\">\n\t\treal-time tracking of cargo location,\t<\/span>\n\t\t\t<\/p>\n<\/li>\n\t\t\t\t\t\t\t\t<li class=\"qodef-m-list-item\" >\n\t<span class=\"qodef-m-list-marker\">\n\t<svg class=\"qodef-svg--tick qodef-m-list-item-marker\" xmlns=\"http:\/\/www.w3.org\/2000\/svg\" width=\"16.971\" height=\"12.728\" viewbox=\"0 0 16.971 12.728\"><g transform=\"translate(-766.793 -1747.429)\"><rect width=\"16\" height=\"2\" transform=\"translate(771.035 1758.743) rotate(-45)\"\/><rect width=\"2\" height=\"8\" transform=\"translate(773.864 1758.743) rotate(135)\"\/><\/g><\/svg><\/span>\n\t<p class=\"qodef-m-list-item-inner\">\n\t\t\t\t\t\t<span class=\"qodef-m-list-text\">\n\t\tControl of planned delivery time and quick response to any delays,\t<\/span>\n\t\t\t<\/p>\n<\/li>\n\t\t\t\t\t\t\t\t<li class=\"qodef-m-list-item\" >\n\t<span class=\"qodef-m-list-marker\">\n\t<svg class=\"qodef-svg--tick qodef-m-list-item-marker\" xmlns=\"http:\/\/www.w3.org\/2000\/svg\" width=\"16.971\" height=\"12.728\" viewbox=\"0 0 16.971 12.728\"><g transform=\"translate(-766.793 -1747.429)\"><rect width=\"16\" height=\"2\" transform=\"translate(771.035 1758.743) rotate(-45)\"\/><rect width=\"2\" height=\"8\" transform=\"translate(773.864 1758.743) rotate(135)\"\/><\/g><\/svg><\/span>\n\t<p class=\"qodef-m-list-item-inner\">\n\t\t\t\t\t\t<span class=\"qodef-m-list-text\">\n\t\tinsight into order history and archived transportation data,\t<\/span>\n\t\t\t<\/p>\n<\/li>\n\t\t\t\t\t\t\t\t<li class=\"qodef-m-list-item\" >\n\t<span class=\"qodef-m-list-marker\">\n\t<svg class=\"qodef-svg--tick qodef-m-list-item-marker\" xmlns=\"http:\/\/www.w3.org\/2000\/svg\" width=\"16.971\" height=\"12.728\" viewbox=\"0 0 16.971 12.728\"><g transform=\"translate(-766.793 -1747.429)\"><rect width=\"16\" height=\"2\" transform=\"translate(771.035 1758.743) rotate(-45)\"\/><rect width=\"2\" height=\"8\" transform=\"translate(773.864 1758.743) rotate(135)\"\/><\/g><\/svg><\/span>\n\t<p class=\"qodef-m-list-item-inner\">\n\t\t\t\t\t\t<span class=\"qodef-m-list-text\">\n\t\tAccess to shipping documents (CMR, cargo weight confirmations) right after unloading,\t<\/span>\n\t\t\t<\/p>\n<\/li>\n\t\t\t\t\t\t\t\t<li class=\"qodef-m-list-item\" >\n\t<span class=\"qodef-m-list-marker\">\n\t<svg class=\"qodef-svg--tick qodef-m-list-item-marker\" xmlns=\"http:\/\/www.w3.org\/2000\/svg\" width=\"16.971\" height=\"12.728\" viewbox=\"0 0 16.971 12.728\"><g transform=\"translate(-766.793 -1747.429)\"><rect width=\"16\" height=\"2\" transform=\"translate(771.035 1758.743) rotate(-45)\"\/><rect width=\"2\" height=\"8\" transform=\"translate(773.864 1758.743) rotate(135)\"\/><\/g><\/svg><\/span>\n\t<p class=\"qodef-m-list-item-inner\">\n\t\t\t\t\t\t<span class=\"qodef-m-list-text\">\n\t\tThe ability to generate invoices electronically,\t<\/span>\n\t\t\t<\/p>\n<\/li>\n\t\t\t\t\t\t\t\t<li class=\"qodef-m-list-item\" >\n\t<span class=\"qodef-m-list-marker\">\n\t<svg class=\"qodef-svg--tick qodef-m-list-item-marker\" xmlns=\"http:\/\/www.w3.org\/2000\/svg\" width=\"16.971\" height=\"12.728\" viewbox=\"0 0 16.971 12.728\"><g transform=\"translate(-766.793 -1747.429)\"><rect width=\"16\" height=\"2\" transform=\"translate(771.035 1758.743) rotate(-45)\"\/><rect width=\"2\" height=\"8\" transform=\"translate(773.864 1758.743) rotate(135)\"\/><\/g><\/svg><\/span>\n\t<p class=\"qodef-m-list-item-inner\">\n\t\t\t\t\t\t<span class=\"qodef-m-list-text\">\n\t\tconstant contact with the driver at every stage of implementation.\t<\/span>\n\t\t\t<\/p>\n<\/li>\n\t\t\t\t<\/ul>\n\t<\/div>\n\t\t\t\t<\/div>\n\t\t\t\t<\/div>\n\t\t\t\t<\/div>\n\t\t\t\t<\/div>\n\t\t\t\t\t<\/div>\n\t\t<\/div>\n\t\t\t\t\t<\/div>\n\t\t<\/section>\n\t\t\t\t<section class=\"elementor-section elementor-top-section elementor-element elementor-element-d9cde41 elementor-section-full_width qodef-elementor-content-grid elementor-section-height-default elementor-section-height-default\" data-id=\"d9cde41\" data-element_type=\"section\" data-settings=\"{&quot;background_background&quot;:&quot;classic&quot;}\">\n\t\t\t\t\t\t<div class=\"elementor-container elementor-column-gap-no\">\n\t\t\t\t\t<div class=\"elementor-column elementor-col-100 elementor-top-column elementor-element elementor-element-7e5eefd\" data-id=\"7e5eefd\" data-element_type=\"column\">\n\t\t\t<div class=\"elementor-widget-wrap elementor-element-populated\">\n\t\t\t\t<div class=\"elementor-element elementor-element-8c2b825 e-con-full e-flex qodef-elementor-content-no e-con e-parent\" data-id=\"8c2b825\" data-element_type=\"container\">\n\t\t\t\t<div class=\"elementor-element elementor-element-7bd482e elementor-widget elementor-widget-text-editor\" data-id=\"7bd482e\" data-element_type=\"widget\" data-widget_type=\"text-editor.default\">\n\t\t\t\t<div class=\"elementor-widget-container\">\n\t\t\t\t\t\t\t\t\tSuch an organized service system makes our services of <strong>international transport and forwarding <\/strong>Are not only efficient, but also transparent. We provide full control over the entrusted cargo, which allows customers to avoid unnecessary losses, reduce the risk of downtime and misunderstandings.\t\t\t\t\t\t\t\t<\/div>\n\t\t\t\t<\/div>\n\t\t\t\t<\/div>\n\t\t\t\t\t<\/div>\n\t\t<\/div>\n\t\t\t\t\t<\/div>\n\t\t<\/section>\n\t\t\t\t<section class=\"elementor-section elementor-top-section elementor-element elementor-element-528cd25 elementor-section-full_width qodef-elementor-content-grid elementor-section-height-default elementor-section-height-default\" data-id=\"528cd25\" data-element_type=\"section\" data-settings=\"{&quot;background_background&quot;:&quot;classic&quot;}\">\n\t\t\t\t\t\t\t<div class=\"elementor-background-overlay\"><\/div>\n\t\t\t\t\t\t\t<div class=\"elementor-container elementor-column-gap-no\">\n\t\t\t\t\t<div class=\"elementor-column elementor-col-100 elementor-top-column elementor-element elementor-element-7f298f9\" data-id=\"7f298f9\" data-element_type=\"column\">\n\t\t\t<div class=\"elementor-widget-wrap elementor-element-populated\">\n\t\t\t\t\t\t<div class=\"elementor-element elementor-element-c83609c elementor-widget__width-auto elementor-widget elementor-widget-heading\" data-id=\"c83609c\" data-element_type=\"widget\" data-widget_type=\"heading.default\">\n\t\t\t\t<div class=\"elementor-widget-container\">\n\t\t\t\t\t<h3 class=\"elementor-heading-title elementor-size-default\">Learn more about our offerings<\/h3>\t\t\t\t<\/div>\n\t\t\t\t<\/div>\n\t\t\t\t<div class=\"elementor-element elementor-element-d3cf6cc elementor-align-center elementor-widget elementor-widget-button\" data-id=\"d3cf6cc\" data-element_type=\"widget\" data-widget_type=\"button.default\">\n\t\t\t\t<div class=\"elementor-widget-container\">\n\t\t\t\t\t\t\t\t\t<div class=\"elementor-button-wrapper\">\n\t\t\t\t\t<a class=\"elementor-button elementor-button-link elementor-size-sm\" href=\"\/en\/kontakt\/\">\n\t\t\t\t\t\t<span class=\"elementor-button-content-wrapper\">\n\t\t\t\t\t\t<span class=\"elementor-button-icon\">\n\t\t\t\t<svg aria-hidden=\"true\" class=\"e-font-icon-svg e-far-comment-alt\" viewbox=\"0 0 512 512\" xmlns=\"http:\/\/www.w3.org\/2000\/svg\"><path d=\"M448 0H64C28.7 0 0 28.7 0 64v288c0 35.3 28.7 64 64 64h96v84c0 7.1 5.8 12 12 12 2.4 0 4.9-.7 7.1-2.4L304 416h144c35.3 0 64-28.7 64-64V64c0-35.3-28.7-64-64-64zm16 352c0 8.8-7.2 16-16 16H288l-12.8 9.6L208 428v-60H64c-8.8 0-16-7.2-16-16V64c0-8.8 7.2-16 16-16h384c8.8 0 16 7.2 16 16v288z\"><\/path><\/svg>\t\t\t<\/span>\n\t\t\t\t\t\t\t\t\t<span class=\"elementor-button-text\">Get in touch with us!<\/span>\n\t\t\t\t\t<\/span>\n\t\t\t\t\t<\/a>\n\t\t\t\t<\/div>\n\t\t\t\t\t\t\t\t<\/div>\n\t\t\t\t<\/div>\n\t\t\t\t\t<\/div>\n\t\t<\/div>\n\t\t\t\t\t<\/div>\n\t\t<\/section>\n\t\t\t\t<\/div>","protected":false},"excerpt":{"rendered":"<p>Domestic and international forwarding We provide not only professional road transport, but also full service in domestic and international forwarding. Our services include the organization of shipments within Poland and throughout Europe. Thus, customers can be sure that their cargoes are planned, coordinated, and supervised by experienced specialists. We carry out transportation, domestic and international forwarding, [...]<\/p>","protected":false},"author":2,"featured_media":0,"parent":0,"menu_order":0,"comment_status":"closed","ping_status":"closed","template":"page-full-width.php","meta":{"footnotes":""},"class_list":["post-8064","page","type-page","status-publish","hentry"],"yoast_head":"<!-- This site is optimized with the Yoast SEO plugin v25.9 - https:\/\/yoast.com\/wordpress\/plugins\/seo\/ -->\n<title>Transport mi\u0119dzynarodowy i spedycja \u2013 Sobanscy<\/title>\n<meta name=\"description\" content=\"Oferujemy spedycje i transport krajowy oraz mi\u0119dzynarodowy dla firm. Jako spedytor mi\u0119dzynarodowy z woj. pomorskiego realizujemy bezpieczne dostawy. Sprawd\u017a!\" \/>\n<meta name=\"robots\" content=\"index, follow, max-snippet:-1, max-image-preview:large, max-video-preview:-1\" \/>\n<link rel=\"canonical\" href=\"https:\/\/sobanscy.eu\/en\/spedycja\/\" \/>\n<meta property=\"og:locale\" content=\"en_US\" \/>\n<meta property=\"og:type\" content=\"article\" \/>\n<meta property=\"og:title\" content=\"Transport mi\u0119dzynarodowy i spedycja \u2013 Sobanscy\" \/>\n<meta property=\"og:description\" content=\"Oferujemy spedycje i transport krajowy oraz mi\u0119dzynarodowy dla firm. Jako spedytor mi\u0119dzynarodowy z woj. pomorskiego realizujemy bezpieczne dostawy. Sprawd\u017a!\" \/>\n<meta property=\"og:url\" content=\"https:\/\/sobanscy.eu\/en\/spedycja\/\" \/>\n<meta property=\"og:site_name\" content=\"Sobanscy Transport\" \/>\n<meta property=\"article:modified_time\" content=\"2025-12-03T12:22:22+00:00\" \/>\n<meta property=\"og:image\" content=\"https:\/\/sobanscy.eu\/wp-content\/uploads\/2025\/05\/IMG_7160.jpg\" \/>\n\t<meta property=\"og:image:width\" content=\"1200\" \/>\n\t<meta property=\"og:image:height\" content=\"800\" \/>\n\t<meta property=\"og:image:type\" content=\"image\/jpeg\" \/>\n<meta name=\"twitter:card\" content=\"summary_large_image\" \/>\n<meta name=\"twitter:label1\" content=\"Est. reading time\" \/>\n\t<meta name=\"twitter:data1\" content=\"2 minutes\" \/>\n<script type=\"application\/ld+json\" class=\"yoast-schema-graph\">{\"@context\":\"https:\/\/schema.org\",\"@graph\":[{\"@type\":\"WebPage\",\"@id\":\"https:\/\/sobanscy.eu\/spedycja\/\",\"url\":\"https:\/\/sobanscy.eu\/spedycja\/\",\"name\":\"Transport mi\u0119dzynarodowy i spedycja \u2013 Sobanscy\",\"isPartOf\":{\"@id\":\"https:\/\/sobanscy.eu\/en\/#website\"},\"primaryImageOfPage\":{\"@id\":\"https:\/\/sobanscy.eu\/spedycja\/#primaryimage\"},\"image\":{\"@id\":\"https:\/\/sobanscy.eu\/spedycja\/#primaryimage\"},\"thumbnailUrl\":\"https:\/\/sobanscy.eu\/wp-content\/uploads\/2025\/05\/IMG_7160-1024x683.jpg\",\"datePublished\":\"2025-05-11T20:59:16+00:00\",\"dateModified\":\"2025-12-03T12:22:22+00:00\",\"description\":\"Oferujemy spedycje i transport krajowy oraz mi\u0119dzynarodowy dla firm. Jako spedytor mi\u0119dzynarodowy z woj. pomorskiego realizujemy bezpieczne dostawy. Sprawd\u017a!\",\"breadcrumb\":{\"@id\":\"https:\/\/sobanscy.eu\/spedycja\/#breadcrumb\"},\"inLanguage\":\"en-US\",\"potentialAction\":[{\"@type\":\"ReadAction\",\"target\":[\"https:\/\/sobanscy.eu\/spedycja\/\"]}]},{\"@type\":\"ImageObject\",\"inLanguage\":\"en-US\",\"@id\":\"https:\/\/sobanscy.eu\/spedycja\/#primaryimage\",\"url\":\"https:\/\/sobanscy.eu\/wp-content\/uploads\/2025\/05\/IMG_7160-1024x683.jpg\",\"contentUrl\":\"https:\/\/sobanscy.eu\/wp-content\/uploads\/2025\/05\/IMG_7160-1024x683.jpg\"},{\"@type\":\"BreadcrumbList\",\"@id\":\"https:\/\/sobanscy.eu\/spedycja\/#breadcrumb\",\"itemListElement\":[{\"@type\":\"ListItem\",\"position\":1,\"name\":\"Strona g\u0142\u00f3wna\",\"item\":\"https:\/\/sobanscy.eu\/\"},{\"@type\":\"ListItem\",\"position\":2,\"name\":\"Spedycja\"}]},{\"@type\":\"WebSite\",\"@id\":\"https:\/\/sobanscy.eu\/en\/#website\",\"url\":\"https:\/\/sobanscy.eu\/en\/\",\"name\":\"Sobanscy Transport\",\"description\":\"\",\"potentialAction\":[{\"@type\":\"SearchAction\",\"target\":{\"@type\":\"EntryPoint\",\"urlTemplate\":\"https:\/\/sobanscy.eu\/en\/?s={search_term_string}\"},\"query-input\":{\"@type\":\"PropertyValueSpecification\",\"valueRequired\":true,\"valueName\":\"search_term_string\"}}],\"inLanguage\":\"en-US\"}]}<\/script>\n<!-- \/ Yoast SEO plugin. -->","yoast_head_json":{"title":"Transport mi\u0119dzynarodowy i spedycja \u2013 Sobanscy","description":"Oferujemy spedycje i transport krajowy oraz mi\u0119dzynarodowy dla firm. Jako spedytor mi\u0119dzynarodowy z woj. pomorskiego realizujemy bezpieczne dostawy. Sprawd\u017a!","robots":{"index":"index","follow":"follow","max-snippet":"max-snippet:-1","max-image-preview":"max-image-preview:large","max-video-preview":"max-video-preview:-1"},"canonical":"https:\/\/sobanscy.eu\/en\/spedycja\/","og_locale":"en_US","og_type":"article","og_title":"Transport mi\u0119dzynarodowy i spedycja \u2013 Sobanscy","og_description":"Oferujemy spedycje i transport krajowy oraz mi\u0119dzynarodowy dla firm. Jako spedytor mi\u0119dzynarodowy z woj. pomorskiego realizujemy bezpieczne dostawy. Sprawd\u017a!","og_url":"https:\/\/sobanscy.eu\/en\/spedycja\/","og_site_name":"Sobanscy Transport","article_modified_time":"2025-12-03T12:22:22+00:00","og_image":[{"width":1200,"height":800,"url":"https:\/\/sobanscy.eu\/wp-content\/uploads\/2025\/05\/IMG_7160.jpg","type":"image\/jpeg"}],"twitter_card":"summary_large_image","twitter_misc":{"Est. reading time":"2 minutes"},"schema":{"@context":"https:\/\/schema.org","@graph":[{"@type":"WebPage","@id":"https:\/\/sobanscy.eu\/spedycja\/","url":"https:\/\/sobanscy.eu\/spedycja\/","name":"Transport mi\u0119dzynarodowy i spedycja \u2013 Sobanscy","isPartOf":{"@id":"https:\/\/sobanscy.eu\/en\/#website"},"primaryImageOfPage":{"@id":"https:\/\/sobanscy.eu\/spedycja\/#primaryimage"},"image":{"@id":"https:\/\/sobanscy.eu\/spedycja\/#primaryimage"},"thumbnailUrl":"https:\/\/sobanscy.eu\/wp-content\/uploads\/2025\/05\/IMG_7160-1024x683.jpg","datePublished":"2025-05-11T20:59:16+00:00","dateModified":"2025-12-03T12:22:22+00:00","description":"Oferujemy spedycje i transport krajowy oraz mi\u0119dzynarodowy dla firm. Jako spedytor mi\u0119dzynarodowy z woj. pomorskiego realizujemy bezpieczne dostawy. Sprawd\u017a!","breadcrumb":{"@id":"https:\/\/sobanscy.eu\/spedycja\/#breadcrumb"},"inLanguage":"en-US","potentialAction":[{"@type":"ReadAction","target":["https:\/\/sobanscy.eu\/spedycja\/"]}]},{"@type":"ImageObject","inLanguage":"en-US","@id":"https:\/\/sobanscy.eu\/spedycja\/#primaryimage","url":"https:\/\/sobanscy.eu\/wp-content\/uploads\/2025\/05\/IMG_7160-1024x683.jpg","contentUrl":"https:\/\/sobanscy.eu\/wp-content\/uploads\/2025\/05\/IMG_7160-1024x683.jpg"},{"@type":"BreadcrumbList","@id":"https:\/\/sobanscy.eu\/spedycja\/#breadcrumb","itemListElement":[{"@type":"ListItem","position":1,"name":"Strona g\u0142\u00f3wna","item":"https:\/\/sobanscy.eu\/"},{"@type":"ListItem","position":2,"name":"Spedycja"}]},{"@type":"WebSite","@id":"https:\/\/sobanscy.eu\/en\/#website","url":"https:\/\/sobanscy.eu\/en\/","name":"Sobanscy Transport","description":"","potentialAction":[{"@type":"SearchAction","target":{"@type":"EntryPoint","urlTemplate":"https:\/\/sobanscy.eu\/en\/?s={search_term_string}"},"query-input":{"@type":"PropertyValueSpecification","valueRequired":true,"valueName":"search_term_string"}}],"inLanguage":"en-US"}]}},"_links":{"self":[{"href":"https:\/\/sobanscy.eu\/en\/wp-json\/wp\/v2\/pages\/8064","targetHints":{"allow":["GET"]}}],"collection":[{"href":"https:\/\/sobanscy.eu\/en\/wp-json\/wp\/v2\/pages"}],"about":[{"href":"https:\/\/sobanscy.eu\/en\/wp-json\/wp\/v2\/types\/page"}],"author":[{"embeddable":true,"href":"https:\/\/sobanscy.eu\/en\/wp-json\/wp\/v2\/users\/2"}],"replies":[{"embeddable":true,"href":"https:\/\/sobanscy.eu\/en\/wp-json\/wp\/v2\/comments?post=8064"}],"version-history":[{"count":29,"href":"https:\/\/sobanscy.eu\/en\/wp-json\/wp\/v2\/pages\/8064\/revisions"}],"predecessor-version":[{"id":9133,"href":"https:\/\/sobanscy.eu\/en\/wp-json\/wp\/v2\/pages\/8064\/revisions\/9133"}],"wp:attachment":[{"href":"https:\/\/sobanscy.eu\/en\/wp-json\/wp\/v2\/media?parent=8064"}],"curies":[{"name":"wp","href":"https:\/\/api.w.org\/{rel}","templated":true}]}}