{"id":8980,"date":"2025-09-09T08:53:37","date_gmt":"2025-09-09T08:53:37","guid":{"rendered":"https:\/\/sobanscy.eu\/?page_id=8980"},"modified":"2026-01-12T11:24:55","modified_gmt":"2026-01-12T11:24:55","slug":"lebork","status":"publish","type":"page","link":"https:\/\/sobanscy.eu\/de\/lebork\/","title":{"rendered":"L\u0119bork"},"content":{"rendered":"<div data-elementor-type=\"wp-page\" data-elementor-id=\"8980\" class=\"elementor elementor-8980\">\n\t\t\t\t<div class=\"elementor-element elementor-element-252f74c e-flex e-con-boxed qodef-elementor-content-no e-con e-parent\" data-id=\"252f74c\" data-element_type=\"container\">\n\t\t\t\t\t<div class=\"e-con-inner\">\n\t\t<div class=\"elementor-element elementor-element-527419d e-con-full e-flex qodef-elementor-content-no e-con e-child\" data-id=\"527419d\" data-element_type=\"container\">\n\t\t\t\t<div class=\"elementor-element elementor-element-7b98dc9 elementor-widget elementor-widget-heading\" data-id=\"7b98dc9\" data-element_type=\"widget\" data-widget_type=\"heading.default\">\n\t\t\t\t<div class=\"elementor-widget-container\">\n\t\t\t\t\t<h2 class=\"elementor-heading-title elementor-size-default\">Zuverl\u00e4ssiges Transport- und Speditionsunternehmen in L\u0119bork - Sobanscy<\/h2>\t\t\t\t<\/div>\n\t\t\t\t<\/div>\n\t\t\t\t<div class=\"elementor-element elementor-element-177d522 elementor-widget elementor-widget-text-editor\" data-id=\"177d522\" data-element_type=\"widget\" data-widget_type=\"text-editor.default\">\n\t\t\t\t<div class=\"elementor-widget-container\">\n\t\t\t\t\t\t\t\t\t<p>Sie brauchen einen zuverl\u00e4ssigen Partner in der Logistik? Wir bieten umfassende und zuverl\u00e4ssige <strong>Verkehrsdienste<\/strong> f\u00fcr Einwohner <strong>L\u0119bork<\/strong>und in der Umgebung. Dank unserer Erfahrung und der individuellen Betreuung unserer Kunden sind wir in der Lage, auf die Bed\u00fcrfnisse von Unternehmen aus verschiedenen Branchen einzugehen. Wir verf\u00fcgen \u00fcber einen modernen, regelm\u00e4\u00dfig gewarteten Fuhrpark und ein Team von qualifizierten Fahrern oder Logistikern. Unabh\u00e4ngig von der Gr\u00f6\u00dfe oder der Art der G\u00fcter bieten wir professionelle<strong> Bef\u00f6rderung von Obst und Gem\u00fcse<\/strong>durch Minimierung des Risikos und Optimierung der Kosten. Wenn Sie mit uns zusammenarbeiten, k\u00f6nnen Sie sich darauf verlassen, dass Ihre Waren unter st\u00e4ndiger Kontrolle sind und p\u00fcnktlich am Zielort ankommen!<\/p>\t\t\t\t\t\t\t\t<\/div>\n\t\t\t\t<\/div>\n\t\t\t\t<\/div>\n\t\t<div class=\"elementor-element elementor-element-34bdbaa e-con-full e-flex qodef-elementor-content-no e-con e-child\" data-id=\"34bdbaa\" data-element_type=\"container\">\n\t\t\t\t<div class=\"elementor-element elementor-element-49edc44 elementor-widget elementor-widget-image\" data-id=\"49edc44\" data-element_type=\"widget\" data-widget_type=\"image.default\">\n\t\t\t\t<div class=\"elementor-widget-container\">\n\t\t\t\t\t\t\t\t\t\t\t\t\t\t\t<img fetchpriority=\"high\" decoding=\"async\" width=\"1024\" height=\"680\" src=\"https:\/\/sobanscy.eu\/wp-content\/uploads\/2025\/05\/DSC_0982-1626x1080-1-1024x680.jpg\" class=\"attachment-large size-large wp-image-7966\" alt=\"Transport i logistyka z uwzgl\u0119dnieniem ekologii\" srcset=\"https:\/\/sobanscy.eu\/wp-content\/uploads\/2025\/05\/DSC_0982-1626x1080-1-1024x680.jpg 1024w, https:\/\/sobanscy.eu\/wp-content\/uploads\/2025\/05\/DSC_0982-1626x1080-1-300x199.jpg 300w, https:\/\/sobanscy.eu\/wp-content\/uploads\/2025\/05\/DSC_0982-1626x1080-1-768x510.jpg 768w, https:\/\/sobanscy.eu\/wp-content\/uploads\/2025\/05\/DSC_0982-1626x1080-1-1536x1020.jpg 1536w, https:\/\/sobanscy.eu\/wp-content\/uploads\/2025\/05\/DSC_0982-1626x1080-1.jpg 1626w\" sizes=\"(max-width: 1024px) 100vw, 1024px\" \/>\t\t\t\t\t\t\t\t\t\t\t\t\t\t\t<\/div>\n\t\t\t\t<\/div>\n\t\t\t\t<\/div>\n\t\t\t\t\t<\/div>\n\t\t\t\t<\/div>\n\t\t<div class=\"elementor-element elementor-element-15f4a68 e-flex e-con-boxed qodef-elementor-content-no e-con e-parent\" data-id=\"15f4a68\" data-element_type=\"container\">\n\t\t\t\t\t<div class=\"e-con-inner\">\n\t\t<div class=\"elementor-element elementor-element-7c258a3 e-con-full e-flex qodef-elementor-content-no e-con e-child\" data-id=\"7c258a3\" data-element_type=\"container\">\n\t\t\t\t<div class=\"elementor-element elementor-element-94a7a1f elementor-widget elementor-widget-heading\" data-id=\"94a7a1f\" data-element_type=\"widget\" data-widget_type=\"heading.default\">\n\t\t\t\t<div class=\"elementor-widget-container\">\n\t\t\t\t\t<h2 class=\"elementor-heading-title elementor-size-default\">Kohlendioxidarmer G\u00fcterverkehr - L\u0119bork<\/h2>\t\t\t\t<\/div>\n\t\t\t\t<\/div>\n\t\t\t\t<div class=\"elementor-element elementor-element-cc24344 elementor-widget elementor-widget-text-editor\" data-id=\"cc24344\" data-element_type=\"widget\" data-widget_type=\"text-editor.default\">\n\t\t\t\t<div class=\"elementor-widget-container\">\n\t\t\t\t\t\t\t\t\tWir investieren konsequent in modernste Technik, um eine effiziente Logistik mit einem verantwortungsvollen Umgang mit der Umwelt zu verbinden. Wir bieten Transport<strong> <\/strong>auf <strong>L\u0119bork<\/strong>Emissionen durch den Einsatz einer mit Fl\u00fcssigerdgas betriebenen Fahrzeugflotte. Diese L\u00f6sung erm\u00f6glicht eine erhebliche Verringerung der CO\u2082-Emissionen und anderer beim Transport anfallender Schadstoffe. Wir achten auf die volle Zuverl\u00e4ssigkeit der von uns durchgef\u00fchrten Auftr\u00e4ge, weshalb die Betankung der Fahrzeuge in einem gepr\u00fcften LPG-Depot erfolgt. <strong>LNG-Stationen<\/strong>was Kontinuit\u00e4t und reibungslose Abl\u00e4ufe gew\u00e4hrleistet. Wenn Sie sich f\u00fcr uns entscheiden, unterst\u00fctzen Sie eine nachhaltige Entwicklung und profitieren zudem von den attraktiven Preisen, die eine moderne Logistik mit sich bringt.\n\t\t\t\t\t\t\t\t<\/div>\n\t\t\t\t<\/div>\n\t\t\t\t<\/div>\n\t\t\t\t\t<\/div>\n\t\t\t\t<\/div>\n\t\t<div class=\"elementor-element elementor-element-bf2cc1d e-flex e-con-boxed qodef-elementor-content-no e-con e-parent\" data-id=\"bf2cc1d\" data-element_type=\"container\">\n\t\t\t\t\t<div class=\"e-con-inner\">\n\t\t<div class=\"elementor-element elementor-element-53c293b e-con-full e-flex qodef-elementor-content-no e-con e-child\" data-id=\"53c293b\" data-element_type=\"container\">\n\t\t\t\t<div class=\"elementor-element elementor-element-09861be elementor-widget elementor-widget-image\" data-id=\"09861be\" data-element_type=\"widget\" data-widget_type=\"image.default\">\n\t\t\t\t<div class=\"elementor-widget-container\">\n\t\t\t\t\t\t\t\t\t\t\t\t\t\t\t<img decoding=\"async\" width=\"1024\" height=\"576\" src=\"https:\/\/sobanscy.eu\/wp-content\/uploads\/2025\/06\/WhatsApp-Image-2023-05-24-at-13.07.06-1024x576.jpeg\" class=\"attachment-large size-large wp-image-8718\" alt=\"Przew\u00f3z towar\u00f3w do portu\" srcset=\"https:\/\/sobanscy.eu\/wp-content\/uploads\/2025\/06\/WhatsApp-Image-2023-05-24-at-13.07.06-1024x576.jpeg 1024w, https:\/\/sobanscy.eu\/wp-content\/uploads\/2025\/06\/WhatsApp-Image-2023-05-24-at-13.07.06-300x169.jpeg 300w, https:\/\/sobanscy.eu\/wp-content\/uploads\/2025\/06\/WhatsApp-Image-2023-05-24-at-13.07.06-768x432.jpeg 768w, https:\/\/sobanscy.eu\/wp-content\/uploads\/2025\/06\/WhatsApp-Image-2023-05-24-at-13.07.06-1536x864.jpeg 1536w, https:\/\/sobanscy.eu\/wp-content\/uploads\/2025\/06\/WhatsApp-Image-2023-05-24-at-13.07.06-18x10.jpeg 18w, https:\/\/sobanscy.eu\/wp-content\/uploads\/2025\/06\/WhatsApp-Image-2023-05-24-at-13.07.06.jpeg 1920w\" sizes=\"(max-width: 1024px) 100vw, 1024px\" \/>\t\t\t\t\t\t\t\t\t\t\t\t\t\t\t<\/div>\n\t\t\t\t<\/div>\n\t\t\t\t<\/div>\n\t\t<div class=\"elementor-element elementor-element-c69f202 e-con-full e-flex qodef-elementor-content-no e-con e-child\" data-id=\"c69f202\" data-element_type=\"container\">\n\t\t\t\t<div class=\"elementor-element elementor-element-2793f8b elementor-widget elementor-widget-heading\" data-id=\"2793f8b\" data-element_type=\"widget\" data-widget_type=\"heading.default\">\n\t\t\t\t<div class=\"elementor-widget-container\">\n\t\t\t\t\t<h2 class=\"elementor-heading-title elementor-size-default\">Nutzen Sie die Vorteile der internationalen Spedition in L\u0119bork!<\/h2>\t\t\t\t<\/div>\n\t\t\t\t<\/div>\n\t\t\t\t<div class=\"elementor-element elementor-element-ad23b09 elementor-widget elementor-widget-text-editor\" data-id=\"ad23b09\" data-element_type=\"widget\" data-widget_type=\"text-editor.default\">\n\t\t\t\t<div class=\"elementor-widget-container\">\n\t\t\t\t\t\t\t\t\t<p>Wir sind Experten f\u00fcr<strong> den Transport von landwirtschaftlichen Erzeugnissen<\/strong>die ihre Frische und unversehrte Qualit\u00e4t garantieren. Jede Lieferung wird sorgf\u00e4ltig gesichert und \u00fcberwacht. Unsere Spezialfahrzeuge sind geeignet f\u00fcr empfindliche Ladungen wie <strong>Kippertransport von Obst und Gem\u00fcse <\/strong>oder<strong> Bef\u00f6rderung von Kartoffeln <\/strong>von Unternehmern aus <strong>L\u0119bork<\/strong>. Unabh\u00e4ngig von Ihrem Zielort sorgen wir daf\u00fcr, dass Ihre Waren schnell geliefert werden. Wir verf\u00fcgen \u00fcber ein umfangreiches Wissen, das auf unserer langj\u00e4hrigen Erfahrung als <strong>internationaler Spediteur <\/strong>um Auftr\u00e4ge in ganz Europa auszuf\u00fchren.<\/p><p>Kontaktieren Sie uns noch heute f\u00fcr ein individuelles Angebot. Vertrauen Sie den Profis und w\u00e4hlen Sie <strong>Verkehrsdienste<\/strong>die alle Erwartungen erf\u00fcllen wird.<\/p>\t\t\t\t\t\t\t\t<\/div>\n\t\t\t\t<\/div>\n\t\t\t\t<div class=\"elementor-element elementor-element-ecb5d75 elementor-align-right elementor-widget elementor-widget-button\" data-id=\"ecb5d75\" data-element_type=\"widget\" data-widget_type=\"button.default\">\n\t\t\t\t<div class=\"elementor-widget-container\">\n\t\t\t\t\t\t\t\t\t<div class=\"elementor-button-wrapper\">\n\t\t\t\t\t<a class=\"elementor-button elementor-button-link elementor-size-sm\" href=\"\/de\/kontakt\/\">\n\t\t\t\t\t\t<span class=\"elementor-button-content-wrapper\">\n\t\t\t\t\t\t<span class=\"elementor-button-icon\">\n\t\t\t\t<svg aria-hidden=\"true\" class=\"e-font-icon-svg e-far-comment-alt\" viewbox=\"0 0 512 512\" xmlns=\"http:\/\/www.w3.org\/2000\/svg\"><path d=\"M448 0H64C28.7 0 0 28.7 0 64v288c0 35.3 28.7 64 64 64h96v84c0 7.1 5.8 12 12 12 2.4 0 4.9-.7 7.1-2.4L304 416h144c35.3 0 64-28.7 64-64V64c0-35.3-28.7-64-64-64zm16 352c0 8.8-7.2 16-16 16H288l-12.8 9.6L208 428v-60H64c-8.8 0-16-7.2-16-16V64c0-8.8 7.2-16 16-16h384c8.8 0 16 7.2 16 16v288z\"><\/path><\/svg>\t\t\t<\/span>\n\t\t\t\t\t\t\t\t\t<span class=\"elementor-button-text\">Nehmen Sie Kontakt mit uns auf!<\/span>\n\t\t\t\t\t<\/span>\n\t\t\t\t\t<\/a>\n\t\t\t\t<\/div>\n\t\t\t\t\t\t\t\t<\/div>\n\t\t\t\t<\/div>\n\t\t\t\t<\/div>\n\t\t\t\t\t<\/div>\n\t\t\t\t<\/div>\n\t\t\t\t<\/div>","protected":false},"excerpt":{"rendered":"<p>Zuverl\u00e4ssiges Transport- und Speditionsunternehmen in L\u0119bork - Sobanscy Brauchen Sie einen zuverl\u00e4ssigen Partner in der Logistik? Wir bieten den Einwohnern von L\u0119bork und Umgebung umfassende und zuverl\u00e4ssige Transportdienstleistungen an. Unsere Erfahrung und unser individueller Zugang zum Kunden erm\u00f6glichen es uns, effektiv auf die Bed\u00fcrfnisse von Unternehmen aus verschiedenen Branchen einzugehen. Wir verf\u00fcgen \u00fcber einen modernen, regelm\u00e4\u00dfig gewarteten Fuhrpark und ein Team von qualifizierten Fahrern oder Logistikspezialisten. [...]<\/p>","protected":false},"author":7,"featured_media":0,"parent":0,"menu_order":0,"comment_status":"closed","ping_status":"open","template":"page-full-width.php","meta":{"footnotes":""},"class_list":["post-8980","page","type-page","status-publish","hentry"],"yoast_head":"<!-- This site is optimized with the Yoast SEO plugin v25.9 - https:\/\/yoast.com\/wordpress\/plugins\/seo\/ -->\n<title>Profesjonalny transport i spedycja w L\u0119borku \u2013 Sobanscy<\/title>\n<meta name=\"description\" content=\"Sobanscy to firma specjalizuj\u0105ca si\u0119 w krajowym i mi\u0119dzynarodowym transporcie drogowym. Oferujemy przew\u00f3z p\u0142od\u00f3w rolnych w L\u0119borku. Sprawd\u017a ju\u017c dzi\u015b!\" \/>\n<meta name=\"robots\" content=\"index, follow, max-snippet:-1, max-image-preview:large, max-video-preview:-1\" \/>\n<link rel=\"canonical\" href=\"https:\/\/sobanscy.eu\/de\/lebork\/\" \/>\n<meta property=\"og:locale\" content=\"de_DE\" \/>\n<meta property=\"og:type\" content=\"article\" \/>\n<meta property=\"og:title\" content=\"Profesjonalny transport i spedycja w L\u0119borku \u2013 Sobanscy\" \/>\n<meta property=\"og:description\" content=\"Sobanscy to firma specjalizuj\u0105ca si\u0119 w krajowym i mi\u0119dzynarodowym transporcie drogowym. Oferujemy przew\u00f3z p\u0142od\u00f3w rolnych w L\u0119borku. Sprawd\u017a ju\u017c dzi\u015b!\" \/>\n<meta property=\"og:url\" content=\"https:\/\/sobanscy.eu\/de\/lebork\/\" \/>\n<meta property=\"og:site_name\" content=\"Sobanscy Transport\" \/>\n<meta property=\"article:modified_time\" content=\"2026-01-12T11:24:55+00:00\" \/>\n<meta property=\"og:image\" content=\"https:\/\/sobanscy.eu\/wp-content\/uploads\/2025\/05\/DSC_0982-1626x1080-1.jpg\" \/>\n\t<meta property=\"og:image:width\" content=\"1626\" \/>\n\t<meta property=\"og:image:height\" content=\"1080\" \/>\n\t<meta property=\"og:image:type\" content=\"image\/jpeg\" \/>\n<meta name=\"twitter:card\" content=\"summary_large_image\" \/>\n<meta name=\"twitter:label1\" content=\"Gesch\u00e4tzte Lesezeit\" \/>\n\t<meta name=\"twitter:data1\" content=\"3\u00a0Minuten\" \/>\n<script type=\"application\/ld+json\" class=\"yoast-schema-graph\">{\"@context\":\"https:\/\/schema.org\",\"@graph\":[{\"@type\":\"WebPage\",\"@id\":\"https:\/\/sobanscy.eu\/lebork\/\",\"url\":\"https:\/\/sobanscy.eu\/lebork\/\",\"name\":\"Profesjonalny transport i spedycja w L\u0119borku \u2013 Sobanscy\",\"isPartOf\":{\"@id\":\"https:\/\/sobanscy.eu\/en\/#website\"},\"primaryImageOfPage\":{\"@id\":\"https:\/\/sobanscy.eu\/lebork\/#primaryimage\"},\"image\":{\"@id\":\"https:\/\/sobanscy.eu\/lebork\/#primaryimage\"},\"thumbnailUrl\":\"https:\/\/sobanscy.eu\/wp-content\/uploads\/2025\/05\/DSC_0982-1626x1080-1-1024x680.jpg\",\"datePublished\":\"2025-09-09T08:53:37+00:00\",\"dateModified\":\"2026-01-12T11:24:55+00:00\",\"description\":\"Sobanscy to firma specjalizuj\u0105ca si\u0119 w krajowym i mi\u0119dzynarodowym transporcie drogowym. Oferujemy przew\u00f3z p\u0142od\u00f3w rolnych w L\u0119borku. Sprawd\u017a ju\u017c dzi\u015b!\",\"breadcrumb\":{\"@id\":\"https:\/\/sobanscy.eu\/lebork\/#breadcrumb\"},\"inLanguage\":\"de\",\"potentialAction\":[{\"@type\":\"ReadAction\",\"target\":[\"https:\/\/sobanscy.eu\/lebork\/\"]}]},{\"@type\":\"ImageObject\",\"inLanguage\":\"de\",\"@id\":\"https:\/\/sobanscy.eu\/lebork\/#primaryimage\",\"url\":\"https:\/\/sobanscy.eu\/wp-content\/uploads\/2025\/05\/DSC_0982-1626x1080-1-1024x680.jpg\",\"contentUrl\":\"https:\/\/sobanscy.eu\/wp-content\/uploads\/2025\/05\/DSC_0982-1626x1080-1-1024x680.jpg\"},{\"@type\":\"BreadcrumbList\",\"@id\":\"https:\/\/sobanscy.eu\/lebork\/#breadcrumb\",\"itemListElement\":[{\"@type\":\"ListItem\",\"position\":1,\"name\":\"Strona g\u0142\u00f3wna\",\"item\":\"https:\/\/sobanscy.eu\/\"},{\"@type\":\"ListItem\",\"position\":2,\"name\":\"L\u0119bork\"}]},{\"@type\":\"WebSite\",\"@id\":\"https:\/\/sobanscy.eu\/en\/#website\",\"url\":\"https:\/\/sobanscy.eu\/en\/\",\"name\":\"Sobanscy Transport\",\"description\":\"\",\"potentialAction\":[{\"@type\":\"SearchAction\",\"target\":{\"@type\":\"EntryPoint\",\"urlTemplate\":\"https:\/\/sobanscy.eu\/en\/?s={search_term_string}\"},\"query-input\":{\"@type\":\"PropertyValueSpecification\",\"valueRequired\":true,\"valueName\":\"search_term_string\"}}],\"inLanguage\":\"de\"}]}<\/script>\n<!-- \/ Yoast SEO plugin. -->","yoast_head_json":{"title":"Profesjonalny transport i spedycja w L\u0119borku \u2013 Sobanscy","description":"Sobanscy to firma specjalizuj\u0105ca si\u0119 w krajowym i mi\u0119dzynarodowym transporcie drogowym. Oferujemy przew\u00f3z p\u0142od\u00f3w rolnych w L\u0119borku. Sprawd\u017a ju\u017c dzi\u015b!","robots":{"index":"index","follow":"follow","max-snippet":"max-snippet:-1","max-image-preview":"max-image-preview:large","max-video-preview":"max-video-preview:-1"},"canonical":"https:\/\/sobanscy.eu\/de\/lebork\/","og_locale":"de_DE","og_type":"article","og_title":"Profesjonalny transport i spedycja w L\u0119borku \u2013 Sobanscy","og_description":"Sobanscy to firma specjalizuj\u0105ca si\u0119 w krajowym i mi\u0119dzynarodowym transporcie drogowym. Oferujemy przew\u00f3z p\u0142od\u00f3w rolnych w L\u0119borku. Sprawd\u017a ju\u017c dzi\u015b!","og_url":"https:\/\/sobanscy.eu\/de\/lebork\/","og_site_name":"Sobanscy Transport","article_modified_time":"2026-01-12T11:24:55+00:00","og_image":[{"width":1626,"height":1080,"url":"https:\/\/sobanscy.eu\/wp-content\/uploads\/2025\/05\/DSC_0982-1626x1080-1.jpg","type":"image\/jpeg"}],"twitter_card":"summary_large_image","twitter_misc":{"Gesch\u00e4tzte Lesezeit":"3\u00a0Minuten"},"schema":{"@context":"https:\/\/schema.org","@graph":[{"@type":"WebPage","@id":"https:\/\/sobanscy.eu\/lebork\/","url":"https:\/\/sobanscy.eu\/lebork\/","name":"Profesjonalny transport i spedycja w L\u0119borku \u2013 Sobanscy","isPartOf":{"@id":"https:\/\/sobanscy.eu\/en\/#website"},"primaryImageOfPage":{"@id":"https:\/\/sobanscy.eu\/lebork\/#primaryimage"},"image":{"@id":"https:\/\/sobanscy.eu\/lebork\/#primaryimage"},"thumbnailUrl":"https:\/\/sobanscy.eu\/wp-content\/uploads\/2025\/05\/DSC_0982-1626x1080-1-1024x680.jpg","datePublished":"2025-09-09T08:53:37+00:00","dateModified":"2026-01-12T11:24:55+00:00","description":"Sobanscy to firma specjalizuj\u0105ca si\u0119 w krajowym i mi\u0119dzynarodowym transporcie drogowym. Oferujemy przew\u00f3z p\u0142od\u00f3w rolnych w L\u0119borku. Sprawd\u017a ju\u017c dzi\u015b!","breadcrumb":{"@id":"https:\/\/sobanscy.eu\/lebork\/#breadcrumb"},"inLanguage":"de","potentialAction":[{"@type":"ReadAction","target":["https:\/\/sobanscy.eu\/lebork\/"]}]},{"@type":"ImageObject","inLanguage":"de","@id":"https:\/\/sobanscy.eu\/lebork\/#primaryimage","url":"https:\/\/sobanscy.eu\/wp-content\/uploads\/2025\/05\/DSC_0982-1626x1080-1-1024x680.jpg","contentUrl":"https:\/\/sobanscy.eu\/wp-content\/uploads\/2025\/05\/DSC_0982-1626x1080-1-1024x680.jpg"},{"@type":"BreadcrumbList","@id":"https:\/\/sobanscy.eu\/lebork\/#breadcrumb","itemListElement":[{"@type":"ListItem","position":1,"name":"Strona g\u0142\u00f3wna","item":"https:\/\/sobanscy.eu\/"},{"@type":"ListItem","position":2,"name":"L\u0119bork"}]},{"@type":"WebSite","@id":"https:\/\/sobanscy.eu\/en\/#website","url":"https:\/\/sobanscy.eu\/en\/","name":"Sobanscy Transport","description":"","potentialAction":[{"@type":"SearchAction","target":{"@type":"EntryPoint","urlTemplate":"https:\/\/sobanscy.eu\/en\/?s={search_term_string}"},"query-input":{"@type":"PropertyValueSpecification","valueRequired":true,"valueName":"search_term_string"}}],"inLanguage":"de"}]}},"_links":{"self":[{"href":"https:\/\/sobanscy.eu\/de\/wp-json\/wp\/v2\/pages\/8980","targetHints":{"allow":["GET"]}}],"collection":[{"href":"https:\/\/sobanscy.eu\/de\/wp-json\/wp\/v2\/pages"}],"about":[{"href":"https:\/\/sobanscy.eu\/de\/wp-json\/wp\/v2\/types\/page"}],"author":[{"embeddable":true,"href":"https:\/\/sobanscy.eu\/de\/wp-json\/wp\/v2\/users\/7"}],"replies":[{"embeddable":true,"href":"https:\/\/sobanscy.eu\/de\/wp-json\/wp\/v2\/comments?post=8980"}],"version-history":[{"count":20,"href":"https:\/\/sobanscy.eu\/de\/wp-json\/wp\/v2\/pages\/8980\/revisions"}],"predecessor-version":[{"id":9189,"href":"https:\/\/sobanscy.eu\/de\/wp-json\/wp\/v2\/pages\/8980\/revisions\/9189"}],"wp:attachment":[{"href":"https:\/\/sobanscy.eu\/de\/wp-json\/wp\/v2\/media?parent=8980"}],"curies":[{"name":"wp","href":"https:\/\/api.w.org\/{rel}","templated":true}]}}