{"id":8972,"date":"2025-09-09T08:22:47","date_gmt":"2025-09-09T08:22:47","guid":{"rendered":"https:\/\/sobanscy.eu\/?page_id=8972"},"modified":"2026-01-12T11:23:51","modified_gmt":"2026-01-12T11:23:51","slug":"leba","status":"publish","type":"page","link":"https:\/\/sobanscy.eu\/de\/leba\/","title":{"rendered":"Leba"},"content":{"rendered":"<div data-elementor-type=\"wp-page\" data-elementor-id=\"8972\" class=\"elementor elementor-8972\">\n\t\t\t\t<div class=\"elementor-element elementor-element-252f74c e-flex e-con-boxed qodef-elementor-content-no e-con e-parent\" data-id=\"252f74c\" data-element_type=\"container\">\n\t\t\t\t\t<div class=\"e-con-inner\">\n\t\t<div class=\"elementor-element elementor-element-527419d e-con-full e-flex qodef-elementor-content-no e-con e-child\" data-id=\"527419d\" data-element_type=\"container\">\n\t\t\t\t<div class=\"elementor-element elementor-element-7b98dc9 elementor-widget elementor-widget-heading\" data-id=\"7b98dc9\" data-element_type=\"widget\" data-widget_type=\"heading.default\">\n\t\t\t\t<div class=\"elementor-widget-container\">\n\t\t\t\t\t<h2 class=\"elementor-heading-title elementor-size-default\">Transport- und Speditionsunternehmen in Leba - Sobanscy<\/h2>\t\t\t\t<\/div>\n\t\t\t\t<\/div>\n\t\t\t\t<div class=\"elementor-element elementor-element-177d522 elementor-widget elementor-widget-text-editor\" data-id=\"177d522\" data-element_type=\"widget\" data-widget_type=\"text-editor.default\">\n\t\t\t\t<div class=\"elementor-widget-container\">\n\t\t\t\t\t\t\t\t\tSie suchen einen zuverl\u00e4ssigen Partner in der Transportbranche? Wir sind<strong> Transport- und Speditionsunternehmen <\/strong>Dienste anbieten in <strong>\u0141eba<\/strong> und der n\u00e4heren Umgebung. Wir realisieren moderne Logistikl\u00f6sungen, die genau auf die individuellen Bed\u00fcrfnisse Ihres Unternehmens abgestimmt sind. Wir behandeln jeden Auftrag mit vollem Engagement und k\u00fcmmern uns um die Sicherheit der Ladung und die P\u00fcnktlichkeit der Lieferung.\n\t\t\t\t\t\t\t\t<\/div>\n\t\t\t\t<\/div>\n\t\t\t\t<\/div>\n\t\t<div class=\"elementor-element elementor-element-34bdbaa e-con-full e-flex qodef-elementor-content-no e-con e-child\" data-id=\"34bdbaa\" data-element_type=\"container\">\n\t\t\t\t<div class=\"elementor-element elementor-element-49edc44 elementor-widget elementor-widget-image\" data-id=\"49edc44\" data-element_type=\"widget\" data-widget_type=\"image.default\">\n\t\t\t\t<div class=\"elementor-widget-container\">\n\t\t\t\t\t\t\t\t\t\t\t\t\t\t\t<img fetchpriority=\"high\" decoding=\"async\" width=\"1024\" height=\"683\" src=\"https:\/\/sobanscy.eu\/wp-content\/uploads\/2025\/05\/IMG_7172-1024x683.jpg\" class=\"attachment-large size-large wp-image-7956\" alt=\"Spedycja krajowa oraz zagraniczna ze \u015bledzeniem \u0142adunku w czasie rzeczywistym\" srcset=\"https:\/\/sobanscy.eu\/wp-content\/uploads\/2025\/05\/IMG_7172-1024x683.jpg 1024w, https:\/\/sobanscy.eu\/wp-content\/uploads\/2025\/05\/IMG_7172-300x200.jpg 300w, https:\/\/sobanscy.eu\/wp-content\/uploads\/2025\/05\/IMG_7172-768x512.jpg 768w, https:\/\/sobanscy.eu\/wp-content\/uploads\/2025\/05\/IMG_7172.jpg 1200w\" sizes=\"(max-width: 1024px) 100vw, 1024px\" \/>\t\t\t\t\t\t\t\t\t\t\t\t\t\t\t<\/div>\n\t\t\t\t<\/div>\n\t\t\t\t<\/div>\n\t\t\t\t\t<\/div>\n\t\t\t\t<\/div>\n\t\t<div class=\"elementor-element elementor-element-15f4a68 e-flex e-con-boxed qodef-elementor-content-no e-con e-parent\" data-id=\"15f4a68\" data-element_type=\"container\">\n\t\t\t\t\t<div class=\"e-con-inner\">\n\t\t<div class=\"elementor-element elementor-element-7c258a3 e-con-full e-flex qodef-elementor-content-no e-con e-child\" data-id=\"7c258a3\" data-element_type=\"container\">\n\t\t\t\t<div class=\"elementor-element elementor-element-94a7a1f elementor-widget elementor-widget-heading\" data-id=\"94a7a1f\" data-element_type=\"widget\" data-widget_type=\"heading.default\">\n\t\t\t\t<div class=\"elementor-widget-container\">\n\t\t\t\t\t<h2 class=\"elementor-heading-title elementor-size-default\">Moderne L\u00f6sungen - emissionsarmer Verkehr in Leba <\/h2>\t\t\t\t<\/div>\n\t\t\t\t<\/div>\n\t\t\t\t<div class=\"elementor-element elementor-element-cc24344 elementor-widget elementor-widget-text-editor\" data-id=\"cc24344\" data-element_type=\"widget\" data-widget_type=\"text-editor.default\">\n\t\t\t\t<div class=\"elementor-widget-container\">\n\t\t\t\t\t\t\t\t\t<p>Wir setzen auf einen modernen und verantwortungsvollen Ansatz in der Logistik, so dass wir als professionelle <strong>Schifffahrtsgesellschaft<\/strong> bieten wir einen zuverl\u00e4ssigen Service f\u00fcr Unternehmer aus <strong>\u0141eby<\/strong> und die umliegenden Gebiete. Die Flotte von LNG-betriebenen Fahrzeugen erm\u00f6glicht eine erhebliche Verringerung der Abgas- und L\u00e4rmemissionen und gew\u00e4hrleistet gleichzeitig eine hohe Betriebseffizienz. Dies f\u00fchrt nicht nur zu Vorteilen f\u00fcr die Umwelt, sondern auch zu Kostenstabilit\u00e4t und Optimierung der Transportkosten. Der gesamte Betankungsvorgang wird ausschlie\u00dflich an zertifizierten Tankstellen durchgef\u00fchrt, was Sicherheit, Zuverl\u00e4ssigkeit und die Einhaltung der geltenden Normen garantiert. Wenn Sie sich f\u00fcr emissionsarme Transportl\u00f6sungen entscheiden, geh\u00f6ren Sie zu den Unternehmen, die bewusst in eine nachhaltige Entwicklung und verantwortungsvolles Handeln f\u00fcr k\u00fcnftige Generationen investieren.<\/p>\t\t\t\t\t\t\t\t<\/div>\n\t\t\t\t<\/div>\n\t\t\t\t<\/div>\n\t\t\t\t\t<\/div>\n\t\t\t\t<\/div>\n\t\t<div class=\"elementor-element elementor-element-bf2cc1d e-flex e-con-boxed qodef-elementor-content-no e-con e-parent\" data-id=\"bf2cc1d\" data-element_type=\"container\">\n\t\t\t\t\t<div class=\"e-con-inner\">\n\t\t<div class=\"elementor-element elementor-element-53c293b e-con-full e-flex qodef-elementor-content-no e-con e-child\" data-id=\"53c293b\" data-element_type=\"container\">\n\t\t\t\t<div class=\"elementor-element elementor-element-09861be elementor-widget elementor-widget-image\" data-id=\"09861be\" data-element_type=\"widget\" data-widget_type=\"image.default\">\n\t\t\t\t<div class=\"elementor-widget-container\">\n\t\t\t\t\t\t\t\t\t\t\t\t\t\t\t<img decoding=\"async\" width=\"1024\" height=\"768\" src=\"https:\/\/sobanscy.eu\/wp-content\/uploads\/2025\/06\/hero4-1024x768.png\" class=\"attachment-large size-large wp-image-8713\" alt=\"Transport p\u0142od\u00f3w rolnych\" srcset=\"https:\/\/sobanscy.eu\/wp-content\/uploads\/2025\/06\/hero4-1024x768.png 1024w, https:\/\/sobanscy.eu\/wp-content\/uploads\/2025\/06\/hero4-300x225.png 300w, https:\/\/sobanscy.eu\/wp-content\/uploads\/2025\/06\/hero4-768x576.png 768w, https:\/\/sobanscy.eu\/wp-content\/uploads\/2025\/06\/hero4-1536x1152.png 1536w, https:\/\/sobanscy.eu\/wp-content\/uploads\/2025\/06\/hero4-16x12.png 16w, https:\/\/sobanscy.eu\/wp-content\/uploads\/2025\/06\/hero4.png 1600w\" sizes=\"(max-width: 1024px) 100vw, 1024px\" \/>\t\t\t\t\t\t\t\t\t\t\t\t\t\t\t<\/div>\n\t\t\t\t<\/div>\n\t\t\t\t<\/div>\n\t\t<div class=\"elementor-element elementor-element-c69f202 e-con-full e-flex qodef-elementor-content-no e-con e-child\" data-id=\"c69f202\" data-element_type=\"container\">\n\t\t\t\t<div class=\"elementor-element elementor-element-2793f8b elementor-widget elementor-widget-heading\" data-id=\"2793f8b\" data-element_type=\"widget\" data-widget_type=\"heading.default\">\n\t\t\t\t<div class=\"elementor-widget-container\">\n\t\t\t\t\t<h2 class=\"elementor-heading-title elementor-size-default\">Spezialtransporte f\u00fcr landwirtschaftliche Erzeugnisse in Leba<\/h2>\t\t\t\t<\/div>\n\t\t\t\t<\/div>\n\t\t\t\t<div class=\"elementor-element elementor-element-ad23b09 elementor-widget elementor-widget-text-editor\" data-id=\"ad23b09\" data-element_type=\"widget\" data-widget_type=\"text-editor.default\">\n\t\t\t\t<div class=\"elementor-widget-container\">\n\t\t\t\t\t\t\t\t\t<p>Als Spezialist f\u00fcr den Agrarsektor bieten wir <strong>Transport von landwirtschaftlichen Erzeugnissen <\/strong>f\u00fcr Unternehmer aus <strong>\u0141eby<\/strong> und den umliegenden St\u00e4dten. Als Teil unserer Aktivit\u00e4ten realisieren wir:<\/p>\n<ul>\n \t<li><strong>Transport von Obst<\/strong>,<\/li>\n \t<li><strong>internationale Spedition <\/strong>und<strong> national<\/strong>,<\/li>\n \t<li><strong>Bef\u00f6rderung von Kartoffeln<\/strong>,<\/li>\n \t<li><strong>Kippertransport<\/strong>.<\/li>\n<\/ul>\nAu\u00dferdem setzen wir moderne Methoden ein, wie zum Beispiel die Verwendung von Kraftstoff aus der <strong>LNG-Stationen<\/strong>die sichere und rechtzeitige Lieferung unversehrter Waren zu gew\u00e4hrleisten. Indem Sie die Logistik einem erfahrenen Unternehmen anvertrauen<strong> Speditionsunternehmen<\/strong>Sie gewinnen Zeit und Ruhe, die Sie f\u00fcr die Entwicklung Ihres Unternehmens nutzen k\u00f6nnen. Sie haben Fragen oder ben\u00f6tigen ein individuelles Angebot? Nehmen Sie noch heute Kontakt mit uns auf, und unsere Experten werden Ihnen ein Angebot erstellen, das perfekt auf Ihre Erwartungen zugeschnitten ist.\t\t\t\t\t\t\t\t<\/div>\n\t\t\t\t<\/div>\n\t\t\t\t<div class=\"elementor-element elementor-element-4402821 elementor-align-right elementor-widget elementor-widget-button\" data-id=\"4402821\" data-element_type=\"widget\" data-widget_type=\"button.default\">\n\t\t\t\t<div class=\"elementor-widget-container\">\n\t\t\t\t\t\t\t\t\t<div class=\"elementor-button-wrapper\">\n\t\t\t\t\t<a class=\"elementor-button elementor-button-link elementor-size-sm\" href=\"\/de\/kontakt\/\">\n\t\t\t\t\t\t<span class=\"elementor-button-content-wrapper\">\n\t\t\t\t\t\t<span class=\"elementor-button-icon\">\n\t\t\t\t<svg aria-hidden=\"true\" class=\"e-font-icon-svg e-far-comment-alt\" viewbox=\"0 0 512 512\" xmlns=\"http:\/\/www.w3.org\/2000\/svg\"><path d=\"M448 0H64C28.7 0 0 28.7 0 64v288c0 35.3 28.7 64 64 64h96v84c0 7.1 5.8 12 12 12 2.4 0 4.9-.7 7.1-2.4L304 416h144c35.3 0 64-28.7 64-64V64c0-35.3-28.7-64-64-64zm16 352c0 8.8-7.2 16-16 16H288l-12.8 9.6L208 428v-60H64c-8.8 0-16-7.2-16-16V64c0-8.8 7.2-16 16-16h384c8.8 0 16 7.2 16 16v288z\"><\/path><\/svg>\t\t\t<\/span>\n\t\t\t\t\t\t\t\t\t<span class=\"elementor-button-text\">Nehmen Sie Kontakt mit uns auf!<\/span>\n\t\t\t\t\t<\/span>\n\t\t\t\t\t<\/a>\n\t\t\t\t<\/div>\n\t\t\t\t\t\t\t\t<\/div>\n\t\t\t\t<\/div>\n\t\t\t\t<\/div>\n\t\t\t\t\t<\/div>\n\t\t\t\t<\/div>\n\t\t\t\t<\/div>","protected":false},"excerpt":{"rendered":"<p>Transport- und Speditionsunternehmen in \u0141eba - Sobanscy Sie sind auf der Suche nach einem zuverl\u00e4ssigen Partner in der Transportbranche? Wir sind ein Transport- und Speditionsunternehmen, das Dienstleistungen in und um \u0141eba anbietet. Wir realisieren moderne Logistikl\u00f6sungen, die genau auf die individuellen Bed\u00fcrfnisse Ihres Unternehmens abgestimmt sind. Wir behandeln jeden Auftrag mit vollem Engagement und achten auf die Sicherheit der Fracht und die P\u00fcnktlichkeit der Lieferung. Moderne L\u00f6sungen - emissionsarmer Transport in \u0141eba Wir setzen auf [...].<\/p>","protected":false},"author":7,"featured_media":0,"parent":0,"menu_order":0,"comment_status":"closed","ping_status":"open","template":"page-full-width.php","meta":{"footnotes":""},"class_list":["post-8972","page","type-page","status-publish","hentry"],"yoast_head":"<!-- This site is optimized with the Yoast SEO plugin v25.9 - https:\/\/yoast.com\/wordpress\/plugins\/seo\/ -->\n<title>Transport, spedycja i logistyka w \u0141ebie \u2013 Sobanscy<\/title>\n<meta name=\"description\" content=\"Jeste\u015bmy liderem w zakresie spedycji krajowej i mi\u0119dzynarodowej. Nasze us\u0142ugi w \u0141ebie obejmuj\u0105 transport p\u0142od\u00f3w rolnych, warzyw, owoc\u00f3w i zb\u00f3\u017c. Sprawd\u017a!\" \/>\n<meta name=\"robots\" content=\"index, follow, max-snippet:-1, max-image-preview:large, max-video-preview:-1\" \/>\n<link rel=\"canonical\" href=\"https:\/\/sobanscy.eu\/de\/leba\/\" \/>\n<meta property=\"og:locale\" content=\"de_DE\" \/>\n<meta property=\"og:type\" content=\"article\" \/>\n<meta property=\"og:title\" content=\"Transport, spedycja i logistyka w \u0141ebie \u2013 Sobanscy\" \/>\n<meta property=\"og:description\" content=\"Jeste\u015bmy liderem w zakresie spedycji krajowej i mi\u0119dzynarodowej. Nasze us\u0142ugi w \u0141ebie obejmuj\u0105 transport p\u0142od\u00f3w rolnych, warzyw, owoc\u00f3w i zb\u00f3\u017c. Sprawd\u017a!\" \/>\n<meta property=\"og:url\" content=\"https:\/\/sobanscy.eu\/de\/leba\/\" \/>\n<meta property=\"og:site_name\" content=\"Sobanscy Transport\" \/>\n<meta property=\"article:modified_time\" content=\"2026-01-12T11:23:51+00:00\" \/>\n<meta property=\"og:image\" content=\"https:\/\/sobanscy.eu\/wp-content\/uploads\/2025\/05\/IMG_7172.jpg\" \/>\n\t<meta property=\"og:image:width\" content=\"1200\" \/>\n\t<meta property=\"og:image:height\" content=\"800\" \/>\n\t<meta property=\"og:image:type\" content=\"image\/jpeg\" \/>\n<meta name=\"twitter:card\" content=\"summary_large_image\" \/>\n<meta name=\"twitter:label1\" content=\"Gesch\u00e4tzte Lesezeit\" \/>\n\t<meta name=\"twitter:data1\" content=\"2\u00a0Minuten\" \/>\n<script type=\"application\/ld+json\" class=\"yoast-schema-graph\">{\"@context\":\"https:\/\/schema.org\",\"@graph\":[{\"@type\":\"WebPage\",\"@id\":\"https:\/\/sobanscy.eu\/leba\/\",\"url\":\"https:\/\/sobanscy.eu\/leba\/\",\"name\":\"Transport, spedycja i logistyka w \u0141ebie \u2013 Sobanscy\",\"isPartOf\":{\"@id\":\"https:\/\/sobanscy.eu\/en\/#website\"},\"primaryImageOfPage\":{\"@id\":\"https:\/\/sobanscy.eu\/leba\/#primaryimage\"},\"image\":{\"@id\":\"https:\/\/sobanscy.eu\/leba\/#primaryimage\"},\"thumbnailUrl\":\"https:\/\/sobanscy.eu\/wp-content\/uploads\/2025\/05\/IMG_7172-1024x683.jpg\",\"datePublished\":\"2025-09-09T08:22:47+00:00\",\"dateModified\":\"2026-01-12T11:23:51+00:00\",\"description\":\"Jeste\u015bmy liderem w zakresie spedycji krajowej i mi\u0119dzynarodowej. Nasze us\u0142ugi w \u0141ebie obejmuj\u0105 transport p\u0142od\u00f3w rolnych, warzyw, owoc\u00f3w i zb\u00f3\u017c. Sprawd\u017a!\",\"breadcrumb\":{\"@id\":\"https:\/\/sobanscy.eu\/leba\/#breadcrumb\"},\"inLanguage\":\"de\",\"potentialAction\":[{\"@type\":\"ReadAction\",\"target\":[\"https:\/\/sobanscy.eu\/leba\/\"]}]},{\"@type\":\"ImageObject\",\"inLanguage\":\"de\",\"@id\":\"https:\/\/sobanscy.eu\/leba\/#primaryimage\",\"url\":\"https:\/\/sobanscy.eu\/wp-content\/uploads\/2025\/05\/IMG_7172-1024x683.jpg\",\"contentUrl\":\"https:\/\/sobanscy.eu\/wp-content\/uploads\/2025\/05\/IMG_7172-1024x683.jpg\"},{\"@type\":\"BreadcrumbList\",\"@id\":\"https:\/\/sobanscy.eu\/leba\/#breadcrumb\",\"itemListElement\":[{\"@type\":\"ListItem\",\"position\":1,\"name\":\"Strona g\u0142\u00f3wna\",\"item\":\"https:\/\/sobanscy.eu\/\"},{\"@type\":\"ListItem\",\"position\":2,\"name\":\"\u0141eba\"}]},{\"@type\":\"WebSite\",\"@id\":\"https:\/\/sobanscy.eu\/en\/#website\",\"url\":\"https:\/\/sobanscy.eu\/en\/\",\"name\":\"Sobanscy Transport\",\"description\":\"\",\"potentialAction\":[{\"@type\":\"SearchAction\",\"target\":{\"@type\":\"EntryPoint\",\"urlTemplate\":\"https:\/\/sobanscy.eu\/en\/?s={search_term_string}\"},\"query-input\":{\"@type\":\"PropertyValueSpecification\",\"valueRequired\":true,\"valueName\":\"search_term_string\"}}],\"inLanguage\":\"de\"}]}<\/script>\n<!-- \/ Yoast SEO plugin. -->","yoast_head_json":{"title":"Transport, spedycja i logistyka w \u0141ebie \u2013 Sobanscy","description":"Jeste\u015bmy liderem w zakresie spedycji krajowej i mi\u0119dzynarodowej. Nasze us\u0142ugi w \u0141ebie obejmuj\u0105 transport p\u0142od\u00f3w rolnych, warzyw, owoc\u00f3w i zb\u00f3\u017c. Sprawd\u017a!","robots":{"index":"index","follow":"follow","max-snippet":"max-snippet:-1","max-image-preview":"max-image-preview:large","max-video-preview":"max-video-preview:-1"},"canonical":"https:\/\/sobanscy.eu\/de\/leba\/","og_locale":"de_DE","og_type":"article","og_title":"Transport, spedycja i logistyka w \u0141ebie \u2013 Sobanscy","og_description":"Jeste\u015bmy liderem w zakresie spedycji krajowej i mi\u0119dzynarodowej. Nasze us\u0142ugi w \u0141ebie obejmuj\u0105 transport p\u0142od\u00f3w rolnych, warzyw, owoc\u00f3w i zb\u00f3\u017c. Sprawd\u017a!","og_url":"https:\/\/sobanscy.eu\/de\/leba\/","og_site_name":"Sobanscy Transport","article_modified_time":"2026-01-12T11:23:51+00:00","og_image":[{"width":1200,"height":800,"url":"https:\/\/sobanscy.eu\/wp-content\/uploads\/2025\/05\/IMG_7172.jpg","type":"image\/jpeg"}],"twitter_card":"summary_large_image","twitter_misc":{"Gesch\u00e4tzte Lesezeit":"2\u00a0Minuten"},"schema":{"@context":"https:\/\/schema.org","@graph":[{"@type":"WebPage","@id":"https:\/\/sobanscy.eu\/leba\/","url":"https:\/\/sobanscy.eu\/leba\/","name":"Transport, spedycja i logistyka w \u0141ebie \u2013 Sobanscy","isPartOf":{"@id":"https:\/\/sobanscy.eu\/en\/#website"},"primaryImageOfPage":{"@id":"https:\/\/sobanscy.eu\/leba\/#primaryimage"},"image":{"@id":"https:\/\/sobanscy.eu\/leba\/#primaryimage"},"thumbnailUrl":"https:\/\/sobanscy.eu\/wp-content\/uploads\/2025\/05\/IMG_7172-1024x683.jpg","datePublished":"2025-09-09T08:22:47+00:00","dateModified":"2026-01-12T11:23:51+00:00","description":"Jeste\u015bmy liderem w zakresie spedycji krajowej i mi\u0119dzynarodowej. Nasze us\u0142ugi w \u0141ebie obejmuj\u0105 transport p\u0142od\u00f3w rolnych, warzyw, owoc\u00f3w i zb\u00f3\u017c. Sprawd\u017a!","breadcrumb":{"@id":"https:\/\/sobanscy.eu\/leba\/#breadcrumb"},"inLanguage":"de","potentialAction":[{"@type":"ReadAction","target":["https:\/\/sobanscy.eu\/leba\/"]}]},{"@type":"ImageObject","inLanguage":"de","@id":"https:\/\/sobanscy.eu\/leba\/#primaryimage","url":"https:\/\/sobanscy.eu\/wp-content\/uploads\/2025\/05\/IMG_7172-1024x683.jpg","contentUrl":"https:\/\/sobanscy.eu\/wp-content\/uploads\/2025\/05\/IMG_7172-1024x683.jpg"},{"@type":"BreadcrumbList","@id":"https:\/\/sobanscy.eu\/leba\/#breadcrumb","itemListElement":[{"@type":"ListItem","position":1,"name":"Strona g\u0142\u00f3wna","item":"https:\/\/sobanscy.eu\/"},{"@type":"ListItem","position":2,"name":"\u0141eba"}]},{"@type":"WebSite","@id":"https:\/\/sobanscy.eu\/en\/#website","url":"https:\/\/sobanscy.eu\/en\/","name":"Sobanscy Transport","description":"","potentialAction":[{"@type":"SearchAction","target":{"@type":"EntryPoint","urlTemplate":"https:\/\/sobanscy.eu\/en\/?s={search_term_string}"},"query-input":{"@type":"PropertyValueSpecification","valueRequired":true,"valueName":"search_term_string"}}],"inLanguage":"de"}]}},"_links":{"self":[{"href":"https:\/\/sobanscy.eu\/de\/wp-json\/wp\/v2\/pages\/8972","targetHints":{"allow":["GET"]}}],"collection":[{"href":"https:\/\/sobanscy.eu\/de\/wp-json\/wp\/v2\/pages"}],"about":[{"href":"https:\/\/sobanscy.eu\/de\/wp-json\/wp\/v2\/types\/page"}],"author":[{"embeddable":true,"href":"https:\/\/sobanscy.eu\/de\/wp-json\/wp\/v2\/users\/7"}],"replies":[{"embeddable":true,"href":"https:\/\/sobanscy.eu\/de\/wp-json\/wp\/v2\/comments?post=8972"}],"version-history":[{"count":14,"href":"https:\/\/sobanscy.eu\/de\/wp-json\/wp\/v2\/pages\/8972\/revisions"}],"predecessor-version":[{"id":9185,"href":"https:\/\/sobanscy.eu\/de\/wp-json\/wp\/v2\/pages\/8972\/revisions\/9185"}],"wp:attachment":[{"href":"https:\/\/sobanscy.eu\/de\/wp-json\/wp\/v2\/media?parent=8972"}],"curies":[{"name":"wp","href":"https:\/\/api.w.org\/{rel}","templated":true}]}}