{"id":8961,"date":"2025-09-09T08:02:54","date_gmt":"2025-09-09T08:02:54","guid":{"rendered":"https:\/\/sobanscy.eu\/?page_id=8961"},"modified":"2026-01-12T11:25:31","modified_gmt":"2026-01-12T11:25:31","slug":"slupsk","status":"publish","type":"page","link":"https:\/\/sobanscy.eu\/de\/slupsk\/","title":{"rendered":"S\u0142upsk"},"content":{"rendered":"<div data-elementor-type=\"wp-page\" data-elementor-id=\"8961\" class=\"elementor elementor-8961\">\n\t\t\t\t<div class=\"elementor-element elementor-element-252f74c e-flex e-con-boxed qodef-elementor-content-no e-con e-parent\" data-id=\"252f74c\" data-element_type=\"container\">\n\t\t\t\t\t<div class=\"e-con-inner\">\n\t\t<div class=\"elementor-element elementor-element-527419d e-con-full e-flex qodef-elementor-content-no e-con e-child\" data-id=\"527419d\" data-element_type=\"container\">\n\t\t\t\t<div class=\"elementor-element elementor-element-7b98dc9 elementor-widget elementor-widget-heading\" data-id=\"7b98dc9\" data-element_type=\"widget\" data-widget_type=\"heading.default\">\n\t\t\t\t<div class=\"elementor-widget-container\">\n\t\t\t\t\t<h2 class=\"elementor-heading-title elementor-size-default\">Transport- und Speditionsunternehmen in Slupsk - Sobanscy<\/h2>\t\t\t\t<\/div>\n\t\t\t\t<\/div>\n\t\t\t\t<div class=\"elementor-element elementor-element-177d522 elementor-widget elementor-widget-text-editor\" data-id=\"177d522\" data-element_type=\"widget\" data-widget_type=\"text-editor.default\">\n\t\t\t\t<div class=\"elementor-widget-container\">\n\t\t\t\t\t\t\t\t\tSie brauchen zuverl\u00e4ssige<strong> Transportdienstleistungen in Slupsk<\/strong>? Wir sind auf den Transport verschiedenster G\u00fcter f\u00fcr Unternehmen jeder Gr\u00f6\u00dfe spezialisiert. Unser Fuhrpark ist darauf ausgelegt <strong>transportieren<\/strong> verf\u00fcgt \u00fcber die neueste Technologie, z. B. <strong>Streifen<\/strong> (spezieller Sattelauflieger mit F\u00f6rderband), der die Sicherheit der <strong>Versand von landwirtschaftlichen Erzeugnissen<\/strong>. Dank unserer langj\u00e4hrigen Pr\u00e4senz in der Branche sorgen wir f\u00fcr eine effiziente Streckenorganisation, Kostenreduzierung und volle Transparenz in unserer Zusammenarbeit. Ob Sie einen Partner f\u00fcr dauerhafte Eins\u00e4tze oder f\u00fcr einmalige Auftr\u00e4ge suchen <strong>Spezialtransport<\/strong>sind wir f\u00fcr Sie da.\n\t\t\t\t\t\t\t\t<\/div>\n\t\t\t\t<\/div>\n\t\t\t\t<\/div>\n\t\t<div class=\"elementor-element elementor-element-34bdbaa e-con-full e-flex qodef-elementor-content-no e-con e-child\" data-id=\"34bdbaa\" data-element_type=\"container\">\n\t\t\t\t<div class=\"elementor-element elementor-element-49edc44 elementor-widget elementor-widget-image\" data-id=\"49edc44\" data-element_type=\"widget\" data-widget_type=\"image.default\">\n\t\t\t\t<div class=\"elementor-widget-container\">\n\t\t\t\t\t\t\t\t\t\t\t\t\t\t\t<img fetchpriority=\"high\" decoding=\"async\" width=\"1024\" height=\"768\" src=\"https:\/\/sobanscy.eu\/wp-content\/uploads\/2025\/06\/WhatsApp-Image-2023-05-24-at-12.35.22-1024x768.jpeg\" class=\"attachment-large size-large wp-image-8719\" alt=\"Transport zbo\u017ca do portu\" srcset=\"https:\/\/sobanscy.eu\/wp-content\/uploads\/2025\/06\/WhatsApp-Image-2023-05-24-at-12.35.22-1024x768.jpeg 1024w, https:\/\/sobanscy.eu\/wp-content\/uploads\/2025\/06\/WhatsApp-Image-2023-05-24-at-12.35.22-300x225.jpeg 300w, https:\/\/sobanscy.eu\/wp-content\/uploads\/2025\/06\/WhatsApp-Image-2023-05-24-at-12.35.22-768x576.jpeg 768w, https:\/\/sobanscy.eu\/wp-content\/uploads\/2025\/06\/WhatsApp-Image-2023-05-24-at-12.35.22-1536x1152.jpeg 1536w, https:\/\/sobanscy.eu\/wp-content\/uploads\/2025\/06\/WhatsApp-Image-2023-05-24-at-12.35.22-16x12.jpeg 16w, https:\/\/sobanscy.eu\/wp-content\/uploads\/2025\/06\/WhatsApp-Image-2023-05-24-at-12.35.22.jpeg 1600w\" sizes=\"(max-width: 1024px) 100vw, 1024px\" \/>\t\t\t\t\t\t\t\t\t\t\t\t\t\t\t<\/div>\n\t\t\t\t<\/div>\n\t\t\t\t<\/div>\n\t\t\t\t\t<\/div>\n\t\t\t\t<\/div>\n\t\t<div class=\"elementor-element elementor-element-15f4a68 e-flex e-con-boxed qodef-elementor-content-no e-con e-parent\" data-id=\"15f4a68\" data-element_type=\"container\">\n\t\t\t\t\t<div class=\"e-con-inner\">\n\t\t<div class=\"elementor-element elementor-element-7c258a3 e-con-full e-flex qodef-elementor-content-no e-con e-child\" data-id=\"7c258a3\" data-element_type=\"container\">\n\t\t\t\t<div class=\"elementor-element elementor-element-94a7a1f elementor-widget elementor-widget-heading\" data-id=\"94a7a1f\" data-element_type=\"widget\" data-widget_type=\"heading.default\">\n\t\t\t\t<div class=\"elementor-widget-container\">\n\t\t\t\t\t<h2 class=\"elementor-heading-title elementor-size-default\">\u00d6kologische L\u00f6sungen im emissionsarmen G\u00fcterverkehr - Slupsk<\/h2>\t\t\t\t<\/div>\n\t\t\t\t<\/div>\n\t\t\t\t<div class=\"elementor-element elementor-element-cc24344 elementor-widget elementor-widget-text-editor\" data-id=\"cc24344\" data-element_type=\"widget\" data-widget_type=\"text-editor.default\">\n\t\t\t\t<div class=\"elementor-widget-container\">\n\t\t\t\t\t\t\t\t\tAls Antwort auf die wachsenden Markterwartungen und die zunehmende Notwendigkeit, die Umwelt zu sch\u00fctzen, bieten wir <strong>Verkehrsdienste<\/strong> f\u00fcr Kunden mit <strong>Slupsk<\/strong> und die umliegenden Gebiete. Wir nutzen alternative Energiequellen, um die Auswirkungen des Transports auf die Umwelt zu verringern und gleichzeitig die volle Effizienz sowie die Zuverl\u00e4ssigkeit der Lieferungen zu gew\u00e4hrleisten. Unsere Flotte wird in einem speziellen<strong> LNG-Stationen<\/strong>ist der Beweis, dass moderne <strong>Verkehrsdienste<\/strong>z.B. <strong>Transport von landwirtschaftlichen Erzeugnissen<\/strong>Emissionen k\u00f6nnen mit der Verantwortung f\u00fcr die Umwelt Hand in Hand gehen. Solche L\u00f6sungen verringern die Emissionen und gew\u00e4hrleisten gleichzeitig g\u00fcnstigere Tarife f\u00fcr die Kunden. Jeder Auftrag wird von einem erfahrenen Spezialisten \u00fcberwacht, der den gesamten Prozess koordiniert. <strong>nationale Spedition <\/strong>und international - von der Routenplanung, den Formalit\u00e4ten und der Dokumentation bis zur sicheren Auslieferung der Fracht am Zielort.\n\t\t\t\t\t\t\t\t<\/div>\n\t\t\t\t<\/div>\n\t\t\t\t<\/div>\n\t\t\t\t\t<\/div>\n\t\t\t\t<\/div>\n\t\t<div class=\"elementor-element elementor-element-bf2cc1d e-flex e-con-boxed qodef-elementor-content-no e-con e-parent\" data-id=\"bf2cc1d\" data-element_type=\"container\">\n\t\t\t\t\t<div class=\"e-con-inner\">\n\t\t<div class=\"elementor-element elementor-element-53c293b e-con-full e-flex qodef-elementor-content-no e-con e-child\" data-id=\"53c293b\" data-element_type=\"container\">\n\t\t\t\t<div class=\"elementor-element elementor-element-09861be elementor-widget elementor-widget-image\" data-id=\"09861be\" data-element_type=\"widget\" data-widget_type=\"image.default\">\n\t\t\t\t<div class=\"elementor-widget-container\">\n\t\t\t\t\t\t\t\t\t\t\t\t\t\t\t<img decoding=\"async\" width=\"1024\" height=\"822\" src=\"https:\/\/sobanscy.eu\/wp-content\/uploads\/2025\/07\/Zdjecie-WhatsApp-2025-05-23-o-18.23.36_d316ee12-2-1024x822.jpg\" class=\"attachment-large size-large wp-image-8889\" alt=\"Transport warzyw i owoc\u00f3w wywrotk\u0105\" srcset=\"https:\/\/sobanscy.eu\/wp-content\/uploads\/2025\/07\/Zdjecie-WhatsApp-2025-05-23-o-18.23.36_d316ee12-2-1024x822.jpg 1024w, https:\/\/sobanscy.eu\/wp-content\/uploads\/2025\/07\/Zdjecie-WhatsApp-2025-05-23-o-18.23.36_d316ee12-2-300x241.jpg 300w, https:\/\/sobanscy.eu\/wp-content\/uploads\/2025\/07\/Zdjecie-WhatsApp-2025-05-23-o-18.23.36_d316ee12-2-768x617.jpg 768w, https:\/\/sobanscy.eu\/wp-content\/uploads\/2025\/07\/Zdjecie-WhatsApp-2025-05-23-o-18.23.36_d316ee12-2-15x12.jpg 15w, https:\/\/sobanscy.eu\/wp-content\/uploads\/2025\/07\/Zdjecie-WhatsApp-2025-05-23-o-18.23.36_d316ee12-2.jpg 1499w\" sizes=\"(max-width: 1024px) 100vw, 1024px\" \/>\t\t\t\t\t\t\t\t\t\t\t\t\t\t\t<\/div>\n\t\t\t\t<\/div>\n\t\t\t\t<\/div>\n\t\t<div class=\"elementor-element elementor-element-c69f202 e-con-full e-flex qodef-elementor-content-no e-con e-child\" data-id=\"c69f202\" data-element_type=\"container\">\n\t\t\t\t<div class=\"elementor-element elementor-element-2793f8b elementor-widget elementor-widget-heading\" data-id=\"2793f8b\" data-element_type=\"widget\" data-widget_type=\"heading.default\">\n\t\t\t\t<div class=\"elementor-widget-container\">\n\t\t\t\t\t<h2 class=\"elementor-heading-title elementor-size-default\">Unterst\u00fctzung des Agrarsektors - Transport von landwirtschaftlichen Erzeugnissen in Slupsk<\/h2>\t\t\t\t<\/div>\n\t\t\t\t<\/div>\n\t\t\t\t<div class=\"elementor-element elementor-element-ad23b09 elementor-widget elementor-widget-text-editor\" data-id=\"ad23b09\" data-element_type=\"widget\" data-widget_type=\"text-editor.default\">\n\t\t\t\t<div class=\"elementor-widget-container\">\n\t\t\t\t\t\t\t\t\t<p>Wir unterst\u00fctzen den Agrarsektor seit Jahren und bieten professionelle<strong> Spedition von landwirtschaftlichen Erzeugnissen in Slupsk<\/strong>davon <strong>Bef\u00f6rderung von Getreide, Kartoffeln<\/strong>sowie<strong> Transport von Obst und Gem\u00fcse<\/strong>. Mit unseren fachkundigen Anh\u00e4ngern garantieren wir den sicheren und hygienischen Transport von zerbrechlichen Produkten und minimieren das Risiko von Sch\u00e4den. Wir sind uns der Bedeutung jedes Augenblicks in der Lieferkette bewusst, weshalb unsere <strong>Spezialtransport<\/strong> basiert auf Erfahrung und genauer Planung.<\/p><p>M\u00f6chten Sie mehr erfahren? Kontaktieren Sie uns und erfahren Sie mehr \u00fcber unser Angebot <strong>Verkehrsdienste<\/strong>!<\/p>\t\t\t\t\t\t\t\t<\/div>\n\t\t\t\t<\/div>\n\t\t\t\t<div class=\"elementor-element elementor-element-738efe5 elementor-align-right elementor-widget elementor-widget-button\" data-id=\"738efe5\" data-element_type=\"widget\" data-widget_type=\"button.default\">\n\t\t\t\t<div class=\"elementor-widget-container\">\n\t\t\t\t\t\t\t\t\t<div class=\"elementor-button-wrapper\">\n\t\t\t\t\t<a class=\"elementor-button elementor-button-link elementor-size-sm\" href=\"\/de\/kontakt\/\">\n\t\t\t\t\t\t<span class=\"elementor-button-content-wrapper\">\n\t\t\t\t\t\t<span class=\"elementor-button-icon\">\n\t\t\t\t<svg aria-hidden=\"true\" class=\"e-font-icon-svg e-far-comment-alt\" viewbox=\"0 0 512 512\" xmlns=\"http:\/\/www.w3.org\/2000\/svg\"><path d=\"M448 0H64C28.7 0 0 28.7 0 64v288c0 35.3 28.7 64 64 64h96v84c0 7.1 5.8 12 12 12 2.4 0 4.9-.7 7.1-2.4L304 416h144c35.3 0 64-28.7 64-64V64c0-35.3-28.7-64-64-64zm16 352c0 8.8-7.2 16-16 16H288l-12.8 9.6L208 428v-60H64c-8.8 0-16-7.2-16-16V64c0-8.8 7.2-16 16-16h384c8.8 0 16 7.2 16 16v288z\"><\/path><\/svg>\t\t\t<\/span>\n\t\t\t\t\t\t\t\t\t<span class=\"elementor-button-text\">Nehmen Sie Kontakt mit uns auf!<\/span>\n\t\t\t\t\t<\/span>\n\t\t\t\t\t<\/a>\n\t\t\t\t<\/div>\n\t\t\t\t\t\t\t\t<\/div>\n\t\t\t\t<\/div>\n\t\t\t\t<\/div>\n\t\t\t\t\t<\/div>\n\t\t\t\t<\/div>\n\t\t\t\t<\/div>","protected":false},"excerpt":{"rendered":"<p>Transport- und Speditionsunternehmen in Slupsk - Sobanscy Sie ben\u00f6tigen zuverl\u00e4ssige Transportdienstleistungen in Slupsk? Wir sind spezialisiert auf den Transport verschiedenster G\u00fcter f\u00fcr Unternehmen jeder Gr\u00f6\u00dfe. Unser Fuhrpark f\u00fcr den Transport ist mit modernster Technik ausgestattet, z.B. mit einem Umreifungsanh\u00e4nger (ein spezieller Sattelauflieger mit F\u00f6rderband), der die Sicherheit beim Transport von landwirtschaftlichen Erzeugnissen garantiert. Dank unserer langj\u00e4hrigen Pr\u00e4senz in der Branche sorgen wir f\u00fcr eine effiziente Routenorganisation, [...]<\/p>","protected":false},"author":7,"featured_media":0,"parent":0,"menu_order":0,"comment_status":"closed","ping_status":"open","template":"page-full-width.php","meta":{"footnotes":""},"class_list":["post-8961","page","type-page","status-publish","hentry"],"yoast_head":"<!-- This site is optimized with the Yoast SEO plugin v25.9 - https:\/\/yoast.com\/wordpress\/plugins\/seo\/ -->\n<title>Firma transportowa i logistyczna w S\u0142upsku \u2013 Sobanscy<\/title>\n<meta name=\"description\" content=\"Jako firma spedycyjna oferujemy szeroki zakres us\u0142ug w S\u0142upsku. Specjalizujemy si\u0119 w transporcie krajowym i mi\u0119dzynarodowym p\u0142od\u00f3w rolnych, owoc\u00f3w, warzyw.\" \/>\n<meta name=\"robots\" content=\"index, follow, max-snippet:-1, max-image-preview:large, max-video-preview:-1\" \/>\n<link rel=\"canonical\" href=\"https:\/\/sobanscy.eu\/de\/slupsk\/\" \/>\n<meta property=\"og:locale\" content=\"de_DE\" \/>\n<meta property=\"og:type\" content=\"article\" \/>\n<meta property=\"og:title\" content=\"Firma transportowa i logistyczna w S\u0142upsku \u2013 Sobanscy\" \/>\n<meta property=\"og:description\" content=\"Jako firma spedycyjna oferujemy szeroki zakres us\u0142ug w S\u0142upsku. Specjalizujemy si\u0119 w transporcie krajowym i mi\u0119dzynarodowym p\u0142od\u00f3w rolnych, owoc\u00f3w, warzyw.\" \/>\n<meta property=\"og:url\" content=\"https:\/\/sobanscy.eu\/de\/slupsk\/\" \/>\n<meta property=\"og:site_name\" content=\"Sobanscy Transport\" \/>\n<meta property=\"article:modified_time\" content=\"2026-01-12T11:25:31+00:00\" \/>\n<meta property=\"og:image\" content=\"https:\/\/sobanscy.eu\/wp-content\/uploads\/2025\/06\/WhatsApp-Image-2023-05-24-at-12.35.22.jpeg\" \/>\n\t<meta property=\"og:image:width\" content=\"1600\" \/>\n\t<meta property=\"og:image:height\" content=\"1200\" \/>\n\t<meta property=\"og:image:type\" content=\"image\/jpeg\" \/>\n<meta name=\"twitter:card\" content=\"summary_large_image\" \/>\n<meta name=\"twitter:label1\" content=\"Gesch\u00e4tzte Lesezeit\" \/>\n\t<meta name=\"twitter:data1\" content=\"3\u00a0Minuten\" \/>\n<script type=\"application\/ld+json\" class=\"yoast-schema-graph\">{\"@context\":\"https:\/\/schema.org\",\"@graph\":[{\"@type\":\"WebPage\",\"@id\":\"https:\/\/sobanscy.eu\/slupsk\/\",\"url\":\"https:\/\/sobanscy.eu\/slupsk\/\",\"name\":\"Firma transportowa i logistyczna w S\u0142upsku \u2013 Sobanscy\",\"isPartOf\":{\"@id\":\"https:\/\/sobanscy.eu\/en\/#website\"},\"primaryImageOfPage\":{\"@id\":\"https:\/\/sobanscy.eu\/slupsk\/#primaryimage\"},\"image\":{\"@id\":\"https:\/\/sobanscy.eu\/slupsk\/#primaryimage\"},\"thumbnailUrl\":\"https:\/\/sobanscy.eu\/wp-content\/uploads\/2025\/06\/WhatsApp-Image-2023-05-24-at-12.35.22-1024x768.jpeg\",\"datePublished\":\"2025-09-09T08:02:54+00:00\",\"dateModified\":\"2026-01-12T11:25:31+00:00\",\"description\":\"Jako firma spedycyjna oferujemy szeroki zakres us\u0142ug w S\u0142upsku. Specjalizujemy si\u0119 w transporcie krajowym i mi\u0119dzynarodowym p\u0142od\u00f3w rolnych, owoc\u00f3w, warzyw.\",\"breadcrumb\":{\"@id\":\"https:\/\/sobanscy.eu\/slupsk\/#breadcrumb\"},\"inLanguage\":\"de\",\"potentialAction\":[{\"@type\":\"ReadAction\",\"target\":[\"https:\/\/sobanscy.eu\/slupsk\/\"]}]},{\"@type\":\"ImageObject\",\"inLanguage\":\"de\",\"@id\":\"https:\/\/sobanscy.eu\/slupsk\/#primaryimage\",\"url\":\"https:\/\/sobanscy.eu\/wp-content\/uploads\/2025\/06\/WhatsApp-Image-2023-05-24-at-12.35.22-1024x768.jpeg\",\"contentUrl\":\"https:\/\/sobanscy.eu\/wp-content\/uploads\/2025\/06\/WhatsApp-Image-2023-05-24-at-12.35.22-1024x768.jpeg\"},{\"@type\":\"BreadcrumbList\",\"@id\":\"https:\/\/sobanscy.eu\/slupsk\/#breadcrumb\",\"itemListElement\":[{\"@type\":\"ListItem\",\"position\":1,\"name\":\"Strona g\u0142\u00f3wna\",\"item\":\"https:\/\/sobanscy.eu\/\"},{\"@type\":\"ListItem\",\"position\":2,\"name\":\"S\u0142upsk\"}]},{\"@type\":\"WebSite\",\"@id\":\"https:\/\/sobanscy.eu\/en\/#website\",\"url\":\"https:\/\/sobanscy.eu\/en\/\",\"name\":\"Sobanscy Transport\",\"description\":\"\",\"potentialAction\":[{\"@type\":\"SearchAction\",\"target\":{\"@type\":\"EntryPoint\",\"urlTemplate\":\"https:\/\/sobanscy.eu\/en\/?s={search_term_string}\"},\"query-input\":{\"@type\":\"PropertyValueSpecification\",\"valueRequired\":true,\"valueName\":\"search_term_string\"}}],\"inLanguage\":\"de\"}]}<\/script>\n<!-- \/ Yoast SEO plugin. -->","yoast_head_json":{"title":"Firma transportowa i logistyczna w S\u0142upsku \u2013 Sobanscy","description":"Jako firma spedycyjna oferujemy szeroki zakres us\u0142ug w S\u0142upsku. Specjalizujemy si\u0119 w transporcie krajowym i mi\u0119dzynarodowym p\u0142od\u00f3w rolnych, owoc\u00f3w, warzyw.","robots":{"index":"index","follow":"follow","max-snippet":"max-snippet:-1","max-image-preview":"max-image-preview:large","max-video-preview":"max-video-preview:-1"},"canonical":"https:\/\/sobanscy.eu\/de\/slupsk\/","og_locale":"de_DE","og_type":"article","og_title":"Firma transportowa i logistyczna w S\u0142upsku \u2013 Sobanscy","og_description":"Jako firma spedycyjna oferujemy szeroki zakres us\u0142ug w S\u0142upsku. Specjalizujemy si\u0119 w transporcie krajowym i mi\u0119dzynarodowym p\u0142od\u00f3w rolnych, owoc\u00f3w, warzyw.","og_url":"https:\/\/sobanscy.eu\/de\/slupsk\/","og_site_name":"Sobanscy Transport","article_modified_time":"2026-01-12T11:25:31+00:00","og_image":[{"width":1600,"height":1200,"url":"https:\/\/sobanscy.eu\/wp-content\/uploads\/2025\/06\/WhatsApp-Image-2023-05-24-at-12.35.22.jpeg","type":"image\/jpeg"}],"twitter_card":"summary_large_image","twitter_misc":{"Gesch\u00e4tzte Lesezeit":"3\u00a0Minuten"},"schema":{"@context":"https:\/\/schema.org","@graph":[{"@type":"WebPage","@id":"https:\/\/sobanscy.eu\/slupsk\/","url":"https:\/\/sobanscy.eu\/slupsk\/","name":"Firma transportowa i logistyczna w S\u0142upsku \u2013 Sobanscy","isPartOf":{"@id":"https:\/\/sobanscy.eu\/en\/#website"},"primaryImageOfPage":{"@id":"https:\/\/sobanscy.eu\/slupsk\/#primaryimage"},"image":{"@id":"https:\/\/sobanscy.eu\/slupsk\/#primaryimage"},"thumbnailUrl":"https:\/\/sobanscy.eu\/wp-content\/uploads\/2025\/06\/WhatsApp-Image-2023-05-24-at-12.35.22-1024x768.jpeg","datePublished":"2025-09-09T08:02:54+00:00","dateModified":"2026-01-12T11:25:31+00:00","description":"Jako firma spedycyjna oferujemy szeroki zakres us\u0142ug w S\u0142upsku. Specjalizujemy si\u0119 w transporcie krajowym i mi\u0119dzynarodowym p\u0142od\u00f3w rolnych, owoc\u00f3w, warzyw.","breadcrumb":{"@id":"https:\/\/sobanscy.eu\/slupsk\/#breadcrumb"},"inLanguage":"de","potentialAction":[{"@type":"ReadAction","target":["https:\/\/sobanscy.eu\/slupsk\/"]}]},{"@type":"ImageObject","inLanguage":"de","@id":"https:\/\/sobanscy.eu\/slupsk\/#primaryimage","url":"https:\/\/sobanscy.eu\/wp-content\/uploads\/2025\/06\/WhatsApp-Image-2023-05-24-at-12.35.22-1024x768.jpeg","contentUrl":"https:\/\/sobanscy.eu\/wp-content\/uploads\/2025\/06\/WhatsApp-Image-2023-05-24-at-12.35.22-1024x768.jpeg"},{"@type":"BreadcrumbList","@id":"https:\/\/sobanscy.eu\/slupsk\/#breadcrumb","itemListElement":[{"@type":"ListItem","position":1,"name":"Strona g\u0142\u00f3wna","item":"https:\/\/sobanscy.eu\/"},{"@type":"ListItem","position":2,"name":"S\u0142upsk"}]},{"@type":"WebSite","@id":"https:\/\/sobanscy.eu\/en\/#website","url":"https:\/\/sobanscy.eu\/en\/","name":"Sobanscy Transport","description":"","potentialAction":[{"@type":"SearchAction","target":{"@type":"EntryPoint","urlTemplate":"https:\/\/sobanscy.eu\/en\/?s={search_term_string}"},"query-input":{"@type":"PropertyValueSpecification","valueRequired":true,"valueName":"search_term_string"}}],"inLanguage":"de"}]}},"_links":{"self":[{"href":"https:\/\/sobanscy.eu\/de\/wp-json\/wp\/v2\/pages\/8961","targetHints":{"allow":["GET"]}}],"collection":[{"href":"https:\/\/sobanscy.eu\/de\/wp-json\/wp\/v2\/pages"}],"about":[{"href":"https:\/\/sobanscy.eu\/de\/wp-json\/wp\/v2\/types\/page"}],"author":[{"embeddable":true,"href":"https:\/\/sobanscy.eu\/de\/wp-json\/wp\/v2\/users\/7"}],"replies":[{"embeddable":true,"href":"https:\/\/sobanscy.eu\/de\/wp-json\/wp\/v2\/comments?post=8961"}],"version-history":[{"count":20,"href":"https:\/\/sobanscy.eu\/de\/wp-json\/wp\/v2\/pages\/8961\/revisions"}],"predecessor-version":[{"id":9192,"href":"https:\/\/sobanscy.eu\/de\/wp-json\/wp\/v2\/pages\/8961\/revisions\/9192"}],"wp:attachment":[{"href":"https:\/\/sobanscy.eu\/de\/wp-json\/wp\/v2\/media?parent=8961"}],"curies":[{"name":"wp","href":"https:\/\/api.w.org\/{rel}","templated":true}]}}