{"id":8087,"date":"2025-05-11T21:16:48","date_gmt":"2025-05-11T21:16:48","guid":{"rendered":"https:\/\/sobanscy.eu\/?page_id=8087"},"modified":"2026-03-26T15:34:25","modified_gmt":"2026-03-26T15:34:25","slug":"szukamy-do-pracy","status":"publish","type":"page","link":"https:\/\/sobanscy.eu\/de\/szukamy-do-pracy\/","title":{"rendered":"Wir suchen Arbeit f\u00fcr"},"content":{"rendered":"<div data-elementor-type=\"wp-page\" data-elementor-id=\"8087\" class=\"elementor elementor-8087\">\n\t\t\t\t\t\t<section class=\"elementor-section elementor-top-section elementor-element elementor-element-d73e42b qodef-elementor-content-grid elementor-section-boxed elementor-section-height-default elementor-section-height-default\" data-id=\"d73e42b\" data-element_type=\"section\">\n\t\t\t\t\t\t<div class=\"elementor-container elementor-column-gap-default\">\n\t\t\t\t\t<div class=\"elementor-column elementor-col-50 elementor-top-column elementor-element elementor-element-20750e5\" data-id=\"20750e5\" data-element_type=\"column\">\n\t\t\t<div class=\"elementor-widget-wrap elementor-element-populated\">\n\t\t\t\t\t\t<div class=\"elementor-element elementor-element-13d749c elementor-widget__width-initial elementor-widget-tablet__width-inherit elementor-widget elementor-widget-globefarer_core_section_title\" data-id=\"13d749c\" data-element_type=\"widget\" data-widget_type=\"globefarer_core_section_title.default\">\n\t\t\t\t<div class=\"elementor-widget-container\">\n\t\t\t\t\t<div class=\"qodef-shortcode qodef-m qodef-section-title qodef-alignment--left qodef-appear-animation--no\">\n\t\t\t<h2 class=\"qodef-m-title\" >\n\t\t\t\t\tWerden Sie Mitglied des Sobanscy Transport Teams!\t\t\t<\/h2>\n\t\t<\/div>\n\t\t\t\t<\/div>\n\t\t\t\t<\/div>\n\t\t\t\t<div class=\"elementor-element elementor-element-2756827 elementor-widget elementor-widget-text-editor\" data-id=\"2756827\" data-element_type=\"widget\" data-widget_type=\"text-editor.default\">\n\t\t\t\t<div class=\"elementor-widget-container\">\n\t\t\t\t\t\t\t\t\t<h4>Nachstehend finden Sie eine \u00dcbersicht \u00fcber die Stellen, f\u00fcr die wir derzeit Personal suchen. Wir suchen Menschen, die verantwortungsbewusst und bereit sind, in einem dynamischen Verkehrsumfeld zu arbeiten. Informieren Sie sich \u00fcber die Details der Anzeigen und bewerben Sie sich f\u00fcr die Stelle Ihrer Wahl.<\/h4>\t\t\t\t\t\t\t\t<\/div>\n\t\t\t\t<\/div>\n\t\t\t\t<div class=\"elementor-element elementor-element-d0df01e elementor-widget__width-initial elementor-widget elementor-widget-text-editor\" data-id=\"d0df01e\" data-element_type=\"widget\" data-widget_type=\"text-editor.default\">\n\t\t\t\t<div class=\"elementor-widget-container\">\n\t\t\t\t\t\t\t\t\t<p>Ihr Beruf steht nicht auf der Liste? Nichts verloren. Schicken Sie uns Ihren Lebenslauf und wir werden ihn in unserer Datenbank speichern. Wir pr\u00fcfen die eingereichten Bewerbungen regelm\u00e4\u00dfig bei der Planung von Neueinstellungen. Lassen Sie uns wissen, was Sie k\u00f6nnen und warum Sie bei uns arbeiten m\u00f6chten - vielleicht sind Sie unser n\u00e4chster Mitarbeiter.<\/p>\t\t\t\t\t\t\t\t<\/div>\n\t\t\t\t<\/div>\n\t\t\t\t\t<\/div>\n\t\t<\/div>\n\t\t\t\t<div class=\"elementor-column elementor-col-50 elementor-top-column elementor-element elementor-element-c98623f\" data-id=\"c98623f\" data-element_type=\"column\">\n\t\t\t<div class=\"elementor-widget-wrap elementor-element-populated\">\n\t\t\t\t\t\t<section class=\"elementor-section elementor-inner-section elementor-element elementor-element-1d20898 elementor-section-boxed elementor-section-height-default elementor-section-height-default qodef-elementor-content-no\" data-id=\"1d20898\" data-element_type=\"section\">\n\t\t\t\t\t\t<div class=\"elementor-container elementor-column-gap-default\">\n\t\t\t\t\t<div class=\"elementor-column elementor-col-100 elementor-inner-column elementor-element elementor-element-079aa9a\" data-id=\"079aa9a\" data-element_type=\"column\">\n\t\t\t<div class=\"elementor-widget-wrap elementor-element-populated\">\n\t\t\t\t\t\t<div class=\"elementor-element elementor-element-f3bd635 elementor-widget elementor-widget-qi_addons_for_elementor_contact_form_7\" data-id=\"f3bd635\" data-element_type=\"widget\" data-widget_type=\"qi_addons_for_elementor_contact_form_7.default\">\n\t\t\t\t<div class=\"elementor-widget-container\">\n\t\t\t\t\t<div class=\"qodef-shortcode qodef-m qodef-qi-contact-form-7\">\n\t\n<div class=\"wpcf7 no-js\" id=\"wpcf7-f12-o1\" lang=\"en-US\" dir=\"ltr\" data-wpcf7-id=\"12\">\n<div class=\"screen-reader-response\"><p role=\"status\" aria-live=\"polite\" aria-atomic=\"true\"><\/p> <ul><\/ul><\/div>\n<form action=\"\/de\/wp-json\/wp\/v2\/pages\/8087#wpcf7-f12-o1\" method=\"post\" class=\"wpcf7-form init\" aria-label=\"Kontakt-Formular\" enctype=\"multipart\/form-data\" novalidate=\"novalidate\" data-status=\"init\" data-trp-original-action=\"\/de\/wp-json\/wp\/v2\/pages\/8087#wpcf7-f12-o1\">\n<fieldset class=\"hidden-fields-container\"><input type=\"hidden\" name=\"_wpcf7\" value=\"12\" \/><input type=\"hidden\" name=\"_wpcf7_version\" value=\"6.1\" \/><input type=\"hidden\" name=\"_wpcf7_locale\" value=\"en_US\" \/><input type=\"hidden\" name=\"_wpcf7_unit_tag\" value=\"wpcf7-f12-o1\" \/><input type=\"hidden\" name=\"_wpcf7_container_post\" value=\"0\" \/><input type=\"hidden\" name=\"_wpcf7_posted_data_hash\" value=\"\" \/>\n<\/fieldset>\n<div class=\"qodef-m-input\">\n<div class=\"qodef-m-input-holder\"><label><span class=\"qodef-m-input-label\">Name<\/span><span class=\"wpcf7-form-control-wrap\" data-name=\"your-name\"><input size=\"40\" maxlength=\"400\" class=\"wpcf7-form-control wpcf7-text wpcf7-validates-as-required\" aria-required=\"true\" aria-invalid=\"false\" value=\"\" type=\"text\" name=\"your-name\" \/><\/span><\/label><\/div>\n<div class=\"qodef-m-input-holder\"><label><span class=\"qodef-m-input-label\">E-Mail<\/span><span class=\"wpcf7-form-control-wrap\" data-name=\"your-email\"><input size=\"40\" maxlength=\"400\" class=\"wpcf7-form-control wpcf7-email wpcf7-validates-as-required wpcf7-text wpcf7-validates-as-email\" aria-required=\"true\" aria-invalid=\"false\" value=\"\" type=\"email\" name=\"your-email\" \/><\/span><\/label><\/div>\n<div class=\"qodef-m-input-holder\"><label><span class=\"qodef-m-input-label\">Telefon<\/span><span class=\"wpcf7-form-control-wrap\" data-name=\"telefon\"><input size=\"40\" maxlength=\"400\" class=\"wpcf7-form-control wpcf7-tel wpcf7-validates-as-required wpcf7-text wpcf7-validates-as-tel\" aria-required=\"true\" aria-invalid=\"false\" value=\"\" type=\"tel\" name=\"telefon\" \/><\/span><\/label><\/div>\n<div class=\"qodef-m-input-holder\"><label><span class=\"qodef-m-input-label\">Nachricht<\/span><span class=\"wpcf7-form-control-wrap\" data-name=\"your-message\"><textarea cols=\"40\" rows=\"10\" maxlength=\"2000\" class=\"wpcf7-form-control wpcf7-textarea wpcf7-validates-as-required\" aria-required=\"true\" aria-invalid=\"false\" name=\"your-message\"><\/textarea><\/span><\/label><\/div>\n<div class=\"qodef-m-input-buttons\"><label class=\"qodef-upload-button qodef-m\"><span class=\"qodef-m-icon\"><\/span><span class=\"qodef-m-label\">Ihr Lebenslauf<\/span><span class=\"wpcf7-form-control-wrap\" data-name=\"cv\"><input size=\"40\" class=\"wpcf7-form-control wpcf7-file\" accept=\"audio\/*,video\/*,image\/*\" aria-invalid=\"false\" type=\"file\" name=\"cv\" \/><\/span><\/label><\/div>\n<div class=\"qodef-m-input-holder\"><label><span class=\"qodef-m-input-label\"> <\/span> <\/label><\/div>\n<button class=\"wpcf7-form-control wpcf7-submit qodef-button qodef-size--normal qodef-layout--filled qodef-m\" type=\"submit\"><span class=\"qodef-m-button-icon\"><svg class=\"qodef-svg--plus\" xmlns=\"http:\/\/www.w3.org\/2000\/svg\" xmlns:xlink=\"http:\/\/www.w3.org\/1999\/xlink\" width=\"14\" height=\"14\" viewbox=\"0 0 14 14\"><path class=\"qodef-m-horizontal\" d=\"M0,0H14V2H0Z\" transform=\"translate(0 6)\" \/><path class=\"qodef-m-vertical\" d=\"M0,0H2V14H0Z\" transform=\"translate(6)\" \/><\/svg><\/span><span class=\"qodef-m-button-text\">Senden Sie<\/span><\/button>\n<\/div><p style=\"display: none !important;\" class=\"akismet-fields-container\" data-prefix=\"_wpcf7_ak_\"><label>&#916;<textarea name=\"_wpcf7_ak_hp_textarea\" cols=\"45\" rows=\"8\" maxlength=\"100\"><\/textarea><\/label><input type=\"hidden\" id=\"ak_js_1\" name=\"_wpcf7_ak_js\" value=\"10\"\/><script>document.getElementById( \"ak_js_1\" ).setAttribute( \"value\", ( new Date() ).getTime() );<\/script><\/p><div class=\"wpcf7-response-output\" aria-hidden=\"true\"><\/div>\n<input type=\"hidden\" name=\"trp-form-language\" value=\"de\"\/><\/form>\n<\/div>\n<\/div>\n\t\t\t\t<\/div>\n\t\t\t\t<\/div>\n\t\t\t\t\t<\/div>\n\t\t<\/div>\n\t\t\t\t\t<\/div>\n\t\t<\/section>\n\t\t\t\t\t<\/div>\n\t\t<\/div>\n\t\t\t\t\t<\/div>\n\t\t<\/section>\n\t\t\t\t<section class=\"elementor-section elementor-top-section elementor-element elementor-element-59a79f4 elementor-section-full_width qodef-elementor-content-grid elementor-section-height-default elementor-section-height-default\" data-id=\"59a79f4\" data-element_type=\"section\">\n\t\t\t\t\t\t<div class=\"elementor-container elementor-column-gap-no\">\n\t\t\t\t\t<div class=\"elementor-column elementor-col-100 elementor-top-column elementor-element elementor-element-f8533b8\" data-id=\"f8533b8\" data-element_type=\"column\">\n\t\t\t<div class=\"elementor-widget-wrap elementor-element-populated\">\n\t\t\t\t\t\t<div class=\"elementor-element elementor-element-d14ef87 elementor-widget elementor-widget-globefarer_core_section_title\" data-id=\"d14ef87\" data-element_type=\"widget\" data-widget_type=\"globefarer_core_section_title.default\">\n\t\t\t\t<div class=\"elementor-widget-container\">\n\t\t\t\t\t<div class=\"qodef-shortcode qodef-m qodef-section-title qodef-alignment--left qodef-appear-animation--no\">\n\t\t\t<h2 class=\"qodef-m-title\" >\n\t\t\t\t\tOffene Stellen:\t\t\t<\/h2>\n\t\t<\/div>\n\t\t\t\t<\/div>\n\t\t\t\t<\/div>\n\t\t\t\t<div class=\"elementor-element elementor-element-0c843fd elementor-widget elementor-widget-globefarer_core_career_table\" data-id=\"0c843fd\" data-element_type=\"widget\" data-widget_type=\"globefarer_core_career_table.default\">\n\t\t\t\t<div class=\"elementor-widget-container\">\n\t\t\t\t\t<div class=\"qodef-shortcode qodef-m qodef-career-table qodef-item-layout--table qodef-grid qodef-layout--columns qodef-gutter--no qodef-col-num--1 qodef-item-layout--table qodef-responsive--predefined\" data-options=\"{&quot;plugin&quot;:&quot;globefarer_core&quot;,&quot;module&quot;:&quot;post-types\\\/career\\\/shortcodes&quot;,&quot;shortcode&quot;:&quot;career-table&quot;,&quot;post_type&quot;:&quot;career-item&quot;,&quot;next_page&quot;:&quot;2&quot;,&quot;max_pages_num&quot;:1,&quot;posts_per_page&quot;:&quot;100&quot;,&quot;orderby&quot;:&quot;date&quot;,&quot;order&quot;:&quot;ASC&quot;,&quot;additional_params&quot;:&quot;tax&quot;,&quot;tax&quot;:&quot;career-category&quot;,&quot;tax_slug&quot;:&quot;Praca&quot;,&quot;layout&quot;:&quot;table&quot;,&quot;title_tag&quot;:&quot;h4&quot;,&quot;object_class_name&quot;:&quot;GlobeFarerCore_Career_Table_Shortcode&quot;,&quot;taxonomy_filter&quot;:&quot;career-category&quot;,&quot;additional_query_args&quot;:{&quot;tax_query&quot;:[{&quot;taxonomy&quot;:&quot;career-category&quot;,&quot;field&quot;:&quot;slug&quot;,&quot;terms&quot;:&quot;Praca&quot;}]},&quot;behavior&quot;:&quot;columns&quot;,&quot;space&quot;:&quot;no&quot;,&quot;columns&quot;:1,&quot;space_value&quot;:0}\">\n\t<div class=\"qodef-grid-inner clear\">\n\t\t<table>\n\t\t\t<thead>\n\t\t\t\t<tr>\n\t\t\t\t\t<th class=\"career-position\">Position<\/th>\n\t\t\t\t\t<th class=\"career-location\">Standort<\/th>\n\t\t\t\t\t<th class=\"career-type\">Festanstellung<\/th>\n\t\t\t\t\t<th class=\"career-apply\">Bewerbung<\/th>\n\t\t\t\t<\/tr>\n\t\t\t<\/thead>\n\t\t\t<tbody>\n\t\t\t<tr>\n\t<td class=\"career-position\"><h4 itemprop=\"name\" class=\"qodef-e-title entry-title\" >\n\tFahrer im internationalen Verkehr<\/h4>\n<\/td>\n\t<td class=\"career-location\"><span class=\"qodef-e-location\">\n\tGro\u00dfes Dorf<\/span>\n<\/td>\n\t<td class=\"career-type\"><span class=\"qodef-e-type\">\n\tVollzeit<\/span>\n<\/td>\n\t<td class=\"career-apply\">\t<div class=\"qodef-e-apply\">\n\t\t<a class=\"qodef-shortcode qodef-m qodef-button qodef-layout--filled qodef-html--link\" href=\"https:\/\/sobanscy.eu\/de\/career-item\/kierowca-w-transporcie-miedzynarodowym\/\" target=\"_self\"  >\t\t\t<span class=\"qodef-m-button-icon\"><svg class=\"qodef-svg--plus\" xmlns=\"http:\/\/www.w3.org\/2000\/svg\" xmlns:xlink=\"http:\/\/www.w3.org\/1999\/xlink\" width=\"14\" height=\"14\" viewbox=\"0 0 14 14\"><path class=\"qodef-m-horizontal\" d=\"M0,0H14V2H0Z\" transform=\"translate(0 6)\" \/><path class=\"qodef-m-vertical\" d=\"M0,0H2V14H0Z\" transform=\"translate(6)\" \/><\/svg><\/span>\t\t\t\t<span class=\"qodef-m-button-text\">Bewerbung einreichen<\/span>\t<\/a>\t<\/div>\n<\/td>\n<\/tr>\n<tr>\n\t<td class=\"career-position\"><h4 itemprop=\"name\" class=\"qodef-e-title entry-title\" >\n\tInternationaler Spediteur<\/h4>\n<\/td>\n\t<td class=\"career-location\"><span class=\"qodef-e-location\">\n\tWielka Wie\u015b, Gda\u0144sk, Heimatb\u00fcro<\/span>\n<\/td>\n\t<td class=\"career-type\"><span class=\"qodef-e-type\">\n\tVollzeit<\/span>\n<\/td>\n\t<td class=\"career-apply\">\t<div class=\"qodef-e-apply\">\n\t\t<a class=\"qodef-shortcode qodef-m qodef-button qodef-layout--filled qodef-html--link\" href=\"https:\/\/sobanscy.eu\/de\/career-item\/spedytor-miedzynarodowy\/\" target=\"_self\"  >\t\t\t<span class=\"qodef-m-button-icon\"><svg class=\"qodef-svg--plus\" xmlns=\"http:\/\/www.w3.org\/2000\/svg\" xmlns:xlink=\"http:\/\/www.w3.org\/1999\/xlink\" width=\"14\" height=\"14\" viewbox=\"0 0 14 14\"><path class=\"qodef-m-horizontal\" d=\"M0,0H14V2H0Z\" transform=\"translate(0 6)\" \/><path class=\"qodef-m-vertical\" d=\"M0,0H2V14H0Z\" transform=\"translate(6)\" \/><\/svg><\/span>\t\t\t\t<span class=\"qodef-m-button-text\">Bewerbung einreichen<\/span>\t<\/a>\t<\/div>\n<\/td>\n<\/tr>\n<tr>\n\t<td class=\"career-position\"><h4 itemprop=\"name\" class=\"qodef-e-title entry-title\" >\n\tFahrer im nationalen Verkehrswesen<\/h4>\n<\/td>\n\t<td class=\"career-location\"><span class=\"qodef-e-location\">\n\tGro\u00dfes Dorf<\/span>\n<\/td>\n\t<td class=\"career-type\"><span class=\"qodef-e-type\">\n\tVollzeit<\/span>\n<\/td>\n\t<td class=\"career-apply\">\t<div class=\"qodef-e-apply\">\n\t\t<a class=\"qodef-shortcode qodef-m qodef-button qodef-layout--filled qodef-html--link\" href=\"https:\/\/sobanscy.eu\/de\/career-item\/kierowca-w-transporcie-krajowym\/\" target=\"_self\"  >\t\t\t<span class=\"qodef-m-button-icon\"><svg class=\"qodef-svg--plus\" xmlns=\"http:\/\/www.w3.org\/2000\/svg\" xmlns:xlink=\"http:\/\/www.w3.org\/1999\/xlink\" width=\"14\" height=\"14\" viewbox=\"0 0 14 14\"><path class=\"qodef-m-horizontal\" d=\"M0,0H14V2H0Z\" transform=\"translate(0 6)\" \/><path class=\"qodef-m-vertical\" d=\"M0,0H2V14H0Z\" transform=\"translate(6)\" \/><\/svg><\/span>\t\t\t\t<span class=\"qodef-m-button-text\">Bewerbung einreichen<\/span>\t<\/a>\t<\/div>\n<\/td>\n<\/tr>\n<tr>\n\t<td class=\"career-position\"><h4 itemprop=\"name\" class=\"qodef-e-title entry-title\" >\n\tSpezialist f\u00fcr Rechnungswesen<\/h4>\n<\/td>\n\t<td class=\"career-location\"><span class=\"qodef-e-location\">\n\tGro\u00dfes Dorf<\/span>\n<\/td>\n\t<td class=\"career-type\"><span class=\"qodef-e-type\">\n\tVollzeit<\/span>\n<\/td>\n\t<td class=\"career-apply\">\t<div class=\"qodef-e-apply\">\n\t\t<a class=\"qodef-shortcode qodef-m qodef-button qodef-layout--filled qodef-html--link\" href=\"https:\/\/sobanscy.eu\/de\/career-item\/specjalista-ds-ksiegowosci\/\" target=\"_self\"  >\t\t\t<span class=\"qodef-m-button-icon\"><svg class=\"qodef-svg--plus\" xmlns=\"http:\/\/www.w3.org\/2000\/svg\" xmlns:xlink=\"http:\/\/www.w3.org\/1999\/xlink\" width=\"14\" height=\"14\" viewbox=\"0 0 14 14\"><path class=\"qodef-m-horizontal\" d=\"M0,0H14V2H0Z\" transform=\"translate(0 6)\" \/><path class=\"qodef-m-vertical\" d=\"M0,0H2V14H0Z\" transform=\"translate(6)\" \/><\/svg><\/span>\t\t\t\t<span class=\"qodef-m-button-text\">Bewerbung einreichen<\/span>\t<\/a>\t<\/div>\n<\/td>\n<\/tr>\n<tr>\n\t<td class=\"career-position\"><h4 itemprop=\"name\" class=\"qodef-e-title entry-title\" >\n\tSpediteur<\/h4>\n<\/td>\n\t<td class=\"career-location\"><span class=\"qodef-e-location\">\n\tPoznan<\/span>\n<\/td>\n\t<td class=\"career-type\"><span class=\"qodef-e-type\">\n\tVollzeit<\/span>\n<\/td>\n\t<td class=\"career-apply\">\t<div class=\"qodef-e-apply\">\n\t\t<a class=\"qodef-shortcode qodef-m qodef-button qodef-layout--filled qodef-html--link\" href=\"https:\/\/sobanscy.eu\/de\/career-item\/spedytor-spedytorka\/\" target=\"_self\"  >\t\t\t<span class=\"qodef-m-button-icon\"><svg class=\"qodef-svg--plus\" xmlns=\"http:\/\/www.w3.org\/2000\/svg\" xmlns:xlink=\"http:\/\/www.w3.org\/1999\/xlink\" width=\"14\" height=\"14\" viewbox=\"0 0 14 14\"><path class=\"qodef-m-horizontal\" d=\"M0,0H14V2H0Z\" transform=\"translate(0 6)\" \/><path class=\"qodef-m-vertical\" d=\"M0,0H2V14H0Z\" transform=\"translate(6)\" \/><\/svg><\/span>\t\t\t\t<span class=\"qodef-m-button-text\">Bewerbung einreichen<\/span>\t<\/a>\t<\/div>\n<\/td>\n<\/tr>\n<tr>\n\t<td class=\"career-position\"><h4 itemprop=\"name\" class=\"qodef-e-title entry-title\" >\n\tSpezialist f\u00fcr Personalwesen und Lohnbuchhaltung<\/h4>\n<\/td>\n\t<td class=\"career-location\"><span class=\"qodef-e-location\">\n\tGro\u00dfes Dorf<\/span>\n<\/td>\n\t<td class=\"career-type\"><span class=\"qodef-e-type\">\n\tVollzeit<\/span>\n<\/td>\n\t<td class=\"career-apply\">\t<div class=\"qodef-e-apply\">\n\t\t<a class=\"qodef-shortcode qodef-m qodef-button qodef-layout--filled qodef-html--link\" href=\"https:\/\/sobanscy.eu\/de\/career-item\/specjalista-ds-kadr-i-plac\/\" target=\"_self\"  >\t\t\t<span class=\"qodef-m-button-icon\"><svg class=\"qodef-svg--plus\" xmlns=\"http:\/\/www.w3.org\/2000\/svg\" xmlns:xlink=\"http:\/\/www.w3.org\/1999\/xlink\" width=\"14\" height=\"14\" viewbox=\"0 0 14 14\"><path class=\"qodef-m-horizontal\" d=\"M0,0H14V2H0Z\" transform=\"translate(0 6)\" \/><path class=\"qodef-m-vertical\" d=\"M0,0H2V14H0Z\" transform=\"translate(6)\" \/><\/svg><\/span>\t\t\t\t<span class=\"qodef-m-button-text\">Bewerbung einreichen<\/span>\t<\/a>\t<\/div>\n<\/td>\n<\/tr>\n\t\t\t<\/tbody>\n\t\t<\/table>\n\t<\/div>\n<\/div>\n\t\t\t\t<\/div>\n\t\t\t\t<\/div>\n\t\t\t\t\t<\/div>\n\t\t<\/div>\n\t\t\t\t\t<\/div>\n\t\t<\/section>\n\t\t\t\t<\/div>","protected":false},"excerpt":{"rendered":"<p>Werden Sie Teil des Sobanscy Transport Teams! Nachstehend finden Sie eine Liste der Stellen, f\u00fcr die wir derzeit Personal suchen. Wir suchen Menschen, die verantwortungsbewusst und bereit sind, in einem dynamischen Transportumfeld zu arbeiten. Informieren Sie sich \u00fcber die Details der Anzeigen und bewerben Sie sich f\u00fcr die Stelle Ihrer Wahl. Ihr Beruf ist nicht auf der Liste? Das ist kein Problem. Schicken Sie uns Ihren Lebenslauf und wir werden ihn in unserer Datenbank speichern. Wir \u00fcberpr\u00fcfen regelm\u00e4\u00dfig die eingereichten [...].<\/p>","protected":false},"author":2,"featured_media":0,"parent":0,"menu_order":0,"comment_status":"closed","ping_status":"closed","template":"page-full-width.php","meta":{"footnotes":""},"class_list":["post-8087","page","type-page","status-publish","hentry"],"yoast_head":"<!-- This site is optimized with the Yoast SEO plugin v25.9 - https:\/\/yoast.com\/wordpress\/plugins\/seo\/ -->\n<title>Szukamy do pracy - Sobanscy Transport<\/title>\n<meta name=\"description\" content=\"Szukasz pracy w transporcie? Do\u0142\u0105cz do zespo\u0142u Sobanscy Transport! Sprawd\u017a aktualne oferty pracy lub wy\u015blij nam swoje CV. Aplikuj ju\u017c dzi\u015b!\" \/>\n<meta name=\"robots\" content=\"index, follow, max-snippet:-1, max-image-preview:large, max-video-preview:-1\" \/>\n<link rel=\"canonical\" href=\"https:\/\/sobanscy.eu\/de\/szukamy-do-pracy\/\" \/>\n<meta property=\"og:locale\" content=\"de_DE\" \/>\n<meta property=\"og:type\" content=\"article\" \/>\n<meta property=\"og:title\" content=\"Szukamy do pracy - Sobanscy Transport\" \/>\n<meta property=\"og:description\" content=\"Szukasz pracy w transporcie? Do\u0142\u0105cz do zespo\u0142u Sobanscy Transport! Sprawd\u017a aktualne oferty pracy lub wy\u015blij nam swoje CV. Aplikuj ju\u017c dzi\u015b!\" \/>\n<meta property=\"og:url\" content=\"https:\/\/sobanscy.eu\/de\/szukamy-do-pracy\/\" \/>\n<meta property=\"og:site_name\" content=\"Sobanscy Transport\" \/>\n<meta property=\"article:modified_time\" content=\"2026-03-26T15:34:25+00:00\" \/>\n<meta name=\"twitter:card\" content=\"summary_large_image\" \/>\n<meta name=\"twitter:label1\" content=\"Gesch\u00e4tzte Lesezeit\" \/>\n\t<meta name=\"twitter:data1\" content=\"1\u00a0Minute\" \/>\n<script type=\"application\/ld+json\" class=\"yoast-schema-graph\">{\"@context\":\"https:\/\/schema.org\",\"@graph\":[{\"@type\":\"WebPage\",\"@id\":\"https:\/\/sobanscy.eu\/szukamy-do-pracy\/\",\"url\":\"https:\/\/sobanscy.eu\/szukamy-do-pracy\/\",\"name\":\"Szukamy do pracy - Sobanscy Transport\",\"isPartOf\":{\"@id\":\"https:\/\/sobanscy.eu\/en\/#website\"},\"datePublished\":\"2025-05-11T21:16:48+00:00\",\"dateModified\":\"2026-03-26T15:34:25+00:00\",\"description\":\"Szukasz pracy w transporcie? Do\u0142\u0105cz do zespo\u0142u Sobanscy Transport! Sprawd\u017a aktualne oferty pracy lub wy\u015blij nam swoje CV. Aplikuj ju\u017c dzi\u015b!\",\"breadcrumb\":{\"@id\":\"https:\/\/sobanscy.eu\/szukamy-do-pracy\/#breadcrumb\"},\"inLanguage\":\"de\",\"potentialAction\":[{\"@type\":\"ReadAction\",\"target\":[\"https:\/\/sobanscy.eu\/szukamy-do-pracy\/\"]}]},{\"@type\":\"BreadcrumbList\",\"@id\":\"https:\/\/sobanscy.eu\/szukamy-do-pracy\/#breadcrumb\",\"itemListElement\":[{\"@type\":\"ListItem\",\"position\":1,\"name\":\"Strona g\u0142\u00f3wna\",\"item\":\"https:\/\/sobanscy.eu\/\"},{\"@type\":\"ListItem\",\"position\":2,\"name\":\"Szukamy do pracy\"}]},{\"@type\":\"WebSite\",\"@id\":\"https:\/\/sobanscy.eu\/en\/#website\",\"url\":\"https:\/\/sobanscy.eu\/en\/\",\"name\":\"Sobanscy Transport\",\"description\":\"\",\"potentialAction\":[{\"@type\":\"SearchAction\",\"target\":{\"@type\":\"EntryPoint\",\"urlTemplate\":\"https:\/\/sobanscy.eu\/en\/?s={search_term_string}\"},\"query-input\":{\"@type\":\"PropertyValueSpecification\",\"valueRequired\":true,\"valueName\":\"search_term_string\"}}],\"inLanguage\":\"de\"}]}<\/script>\n<!-- \/ Yoast SEO plugin. -->","yoast_head_json":{"title":"Szukamy do pracy - Sobanscy Transport","description":"Szukasz pracy w transporcie? Do\u0142\u0105cz do zespo\u0142u Sobanscy Transport! Sprawd\u017a aktualne oferty pracy lub wy\u015blij nam swoje CV. Aplikuj ju\u017c dzi\u015b!","robots":{"index":"index","follow":"follow","max-snippet":"max-snippet:-1","max-image-preview":"max-image-preview:large","max-video-preview":"max-video-preview:-1"},"canonical":"https:\/\/sobanscy.eu\/de\/szukamy-do-pracy\/","og_locale":"de_DE","og_type":"article","og_title":"Szukamy do pracy - Sobanscy Transport","og_description":"Szukasz pracy w transporcie? Do\u0142\u0105cz do zespo\u0142u Sobanscy Transport! Sprawd\u017a aktualne oferty pracy lub wy\u015blij nam swoje CV. Aplikuj ju\u017c dzi\u015b!","og_url":"https:\/\/sobanscy.eu\/de\/szukamy-do-pracy\/","og_site_name":"Sobanscy Transport","article_modified_time":"2026-03-26T15:34:25+00:00","twitter_card":"summary_large_image","twitter_misc":{"Gesch\u00e4tzte Lesezeit":"1\u00a0Minute"},"schema":{"@context":"https:\/\/schema.org","@graph":[{"@type":"WebPage","@id":"https:\/\/sobanscy.eu\/szukamy-do-pracy\/","url":"https:\/\/sobanscy.eu\/szukamy-do-pracy\/","name":"Szukamy do pracy - Sobanscy Transport","isPartOf":{"@id":"https:\/\/sobanscy.eu\/en\/#website"},"datePublished":"2025-05-11T21:16:48+00:00","dateModified":"2026-03-26T15:34:25+00:00","description":"Szukasz pracy w transporcie? Do\u0142\u0105cz do zespo\u0142u Sobanscy Transport! Sprawd\u017a aktualne oferty pracy lub wy\u015blij nam swoje CV. Aplikuj ju\u017c dzi\u015b!","breadcrumb":{"@id":"https:\/\/sobanscy.eu\/szukamy-do-pracy\/#breadcrumb"},"inLanguage":"de","potentialAction":[{"@type":"ReadAction","target":["https:\/\/sobanscy.eu\/szukamy-do-pracy\/"]}]},{"@type":"BreadcrumbList","@id":"https:\/\/sobanscy.eu\/szukamy-do-pracy\/#breadcrumb","itemListElement":[{"@type":"ListItem","position":1,"name":"Strona g\u0142\u00f3wna","item":"https:\/\/sobanscy.eu\/"},{"@type":"ListItem","position":2,"name":"Szukamy do pracy"}]},{"@type":"WebSite","@id":"https:\/\/sobanscy.eu\/en\/#website","url":"https:\/\/sobanscy.eu\/en\/","name":"Sobanscy Transport","description":"","potentialAction":[{"@type":"SearchAction","target":{"@type":"EntryPoint","urlTemplate":"https:\/\/sobanscy.eu\/en\/?s={search_term_string}"},"query-input":{"@type":"PropertyValueSpecification","valueRequired":true,"valueName":"search_term_string"}}],"inLanguage":"de"}]}},"_links":{"self":[{"href":"https:\/\/sobanscy.eu\/de\/wp-json\/wp\/v2\/pages\/8087","targetHints":{"allow":["GET"]}}],"collection":[{"href":"https:\/\/sobanscy.eu\/de\/wp-json\/wp\/v2\/pages"}],"about":[{"href":"https:\/\/sobanscy.eu\/de\/wp-json\/wp\/v2\/types\/page"}],"author":[{"embeddable":true,"href":"https:\/\/sobanscy.eu\/de\/wp-json\/wp\/v2\/users\/2"}],"replies":[{"embeddable":true,"href":"https:\/\/sobanscy.eu\/de\/wp-json\/wp\/v2\/comments?post=8087"}],"version-history":[{"count":63,"href":"https:\/\/sobanscy.eu\/de\/wp-json\/wp\/v2\/pages\/8087\/revisions"}],"predecessor-version":[{"id":9236,"href":"https:\/\/sobanscy.eu\/de\/wp-json\/wp\/v2\/pages\/8087\/revisions\/9236"}],"wp:attachment":[{"href":"https:\/\/sobanscy.eu\/de\/wp-json\/wp\/v2\/media?parent=8087"}],"curies":[{"name":"wp","href":"https:\/\/api.w.org\/{rel}","templated":true}]}}