{"id":8064,"date":"2025-05-11T20:59:16","date_gmt":"2025-05-11T20:59:16","guid":{"rendered":"https:\/\/sobanscy.eu\/?page_id=8064"},"modified":"2025-12-03T12:22:22","modified_gmt":"2025-12-03T12:22:22","slug":"spedycja","status":"publish","type":"page","link":"https:\/\/sobanscy.eu\/de\/spedycja\/","title":{"rendered":"Weiterleitung"},"content":{"rendered":"<div data-elementor-type=\"wp-page\" data-elementor-id=\"8064\" class=\"elementor elementor-8064\">\n\t\t\t\t\t\t<section class=\"elementor-section elementor-top-section elementor-element elementor-element-d602937 elementor-section-full_width qodef-elementor-content-grid elementor-section-height-default elementor-section-height-default\" data-id=\"d602937\" data-element_type=\"section\" data-settings=\"{&quot;background_background&quot;:&quot;classic&quot;}\">\n\t\t\t\t\t\t<div class=\"elementor-container elementor-column-gap-no\">\n\t\t\t\t\t<div class=\"elementor-column elementor-col-100 elementor-top-column elementor-element elementor-element-42d7dd3\" data-id=\"42d7dd3\" data-element_type=\"column\">\n\t\t\t<div class=\"elementor-widget-wrap elementor-element-populated\">\n\t\t\t\t<div class=\"elementor-element elementor-element-25382b6 e-con-full e-flex qodef-elementor-content-no e-con e-parent\" data-id=\"25382b6\" data-element_type=\"container\">\n\t\t<div class=\"elementor-element elementor-element-1c1712f e-con-full e-flex qodef-elementor-content-no e-con e-child\" data-id=\"1c1712f\" data-element_type=\"container\">\n\t\t\t\t<div class=\"elementor-element elementor-element-04d6be7 elementor-widget elementor-widget-heading\" data-id=\"04d6be7\" data-element_type=\"widget\" data-widget_type=\"heading.default\">\n\t\t\t\t<div class=\"elementor-widget-container\">\n\t\t\t\t\t<h2 class=\"elementor-heading-title elementor-size-default\">Nationale und internationale Spedition<\/h2>\t\t\t\t<\/div>\n\t\t\t\t<\/div>\n\t\t\t\t<div class=\"elementor-element elementor-element-218d407 elementor-widget elementor-widget-text-editor\" data-id=\"218d407\" data-element_type=\"widget\" data-widget_type=\"text-editor.default\">\n\t\t\t\t<div class=\"elementor-widget-container\">\n\t\t\t\t\t\t\t\t\tWir bieten nicht nur professionelle Stra\u00dfentransporte, sondern auch einen umfassenden Service in Bezug auf <strong>nationale und internationale Spedition<\/strong>. Unsere Dienstleistungen umfassen die Organisation von Transporten in Polen und ganz Europa. So k\u00f6nnen die Kunden sicher sein, dass ihre Fracht von erfahrenen Spezialisten geplant, koordiniert und auch \u00fcberwacht wird. Wir realisieren <strong>transportieren<\/strong>, <strong>Weiterleitung<\/strong> <strong>national<\/strong> und <strong>international<\/strong>die wir Unternehmern widmen, die nach flexiblen und zeitnahen Logistikl\u00f6sungen suchen. Wir bedienen Unternehmen aus verschiedenen Branchen und passen den Transportprozess an ihre individuellen Bed\u00fcrfnisse an. Dank unseres weit verzweigten Partnernetzes k\u00f6nnen wir schnell auf Ver\u00e4nderungen reagieren und qualitativ hochwertige Dienstleistungen in den folgenden Bereichen anbieten <strong>internationaler Verkehr<\/strong>sowie <strong>nationale Spedition<\/strong>.\t\t\t\t\t\t\t\t<\/div>\n\t\t\t\t<\/div>\n\t\t\t\t<\/div>\n\t\t<div class=\"elementor-element elementor-element-1beb147 e-con-full e-flex qodef-elementor-content-no e-con e-child\" data-id=\"1beb147\" data-element_type=\"container\">\n\t\t\t\t<div class=\"elementor-element elementor-element-831e3d7 elementor-widget elementor-widget-image\" data-id=\"831e3d7\" data-element_type=\"widget\" data-widget_type=\"image.default\">\n\t\t\t\t<div class=\"elementor-widget-container\">\n\t\t\t\t\t\t\t\t\t\t\t\t\t\t\t<img fetchpriority=\"high\" decoding=\"async\" width=\"1024\" height=\"683\" src=\"https:\/\/sobanscy.eu\/wp-content\/uploads\/2025\/05\/IMG_7160-1024x683.jpg\" class=\"attachment-large size-large wp-image-7954\" alt=\"Spedycja krajowa oraz mi\u0119dzynarodowa\" srcset=\"https:\/\/sobanscy.eu\/wp-content\/uploads\/2025\/05\/IMG_7160-1024x683.jpg 1024w, https:\/\/sobanscy.eu\/wp-content\/uploads\/2025\/05\/IMG_7160-300x200.jpg 300w, https:\/\/sobanscy.eu\/wp-content\/uploads\/2025\/05\/IMG_7160-768x512.jpg 768w, https:\/\/sobanscy.eu\/wp-content\/uploads\/2025\/05\/IMG_7160.jpg 1200w\" sizes=\"(max-width: 1024px) 100vw, 1024px\" \/>\t\t\t\t\t\t\t\t\t\t\t\t\t\t\t<\/div>\n\t\t\t\t<\/div>\n\t\t\t\t<\/div>\n\t\t\t\t<\/div>\n\t\t\t\t\t<\/div>\n\t\t<\/div>\n\t\t\t\t\t<\/div>\n\t\t<\/section>\n\t\t\t\t<section class=\"elementor-section elementor-top-section elementor-element elementor-element-ea9edff elementor-section-full_width qodef-elementor-content-grid elementor-section-height-default elementor-section-height-default\" data-id=\"ea9edff\" data-element_type=\"section\" data-settings=\"{&quot;background_background&quot;:&quot;classic&quot;}\">\n\t\t\t\t\t\t<div class=\"elementor-container elementor-column-gap-no\">\n\t\t\t\t\t<div class=\"elementor-column elementor-col-100 elementor-top-column elementor-element elementor-element-d1f8194\" data-id=\"d1f8194\" data-element_type=\"column\">\n\t\t\t<div class=\"elementor-widget-wrap elementor-element-populated\">\n\t\t\t\t<div class=\"elementor-element elementor-element-19cc3e4 e-con-full e-flex qodef-elementor-content-no e-con e-parent\" data-id=\"19cc3e4\" data-element_type=\"container\">\n\t\t<div class=\"elementor-element elementor-element-9c90235 e-con-full e-flex qodef-elementor-content-no e-con e-child\" data-id=\"9c90235\" data-element_type=\"container\">\n\t\t\t\t<div class=\"elementor-element elementor-element-9f287a1 elementor-widget elementor-widget-image\" data-id=\"9f287a1\" data-element_type=\"widget\" data-widget_type=\"image.default\">\n\t\t\t\t<div class=\"elementor-widget-container\">\n\t\t\t\t\t\t\t\t\t\t\t\t\t\t\t<img decoding=\"async\" width=\"1024\" height=\"683\" src=\"https:\/\/sobanscy.eu\/wp-content\/uploads\/2025\/05\/IMG_7172-1024x683.jpg\" class=\"attachment-large size-large wp-image-7956\" alt=\"Spedycja krajowa oraz zagraniczna ze \u015bledzeniem \u0142adunku w czasie rzeczywistym\" srcset=\"https:\/\/sobanscy.eu\/wp-content\/uploads\/2025\/05\/IMG_7172-1024x683.jpg 1024w, https:\/\/sobanscy.eu\/wp-content\/uploads\/2025\/05\/IMG_7172-300x200.jpg 300w, https:\/\/sobanscy.eu\/wp-content\/uploads\/2025\/05\/IMG_7172-768x512.jpg 768w, https:\/\/sobanscy.eu\/wp-content\/uploads\/2025\/05\/IMG_7172.jpg 1200w\" sizes=\"(max-width: 1024px) 100vw, 1024px\" \/>\t\t\t\t\t\t\t\t\t\t\t\t\t\t\t<\/div>\n\t\t\t\t<\/div>\n\t\t\t\t<\/div>\n\t\t<div class=\"elementor-element elementor-element-1064efb e-con-full e-flex qodef-elementor-content-no e-con e-child\" data-id=\"1064efb\" data-element_type=\"container\">\n\t\t\t\t<div class=\"elementor-element elementor-element-3a04086 elementor-widget elementor-widget-heading\" data-id=\"3a04086\" data-element_type=\"widget\" data-widget_type=\"heading.default\">\n\t\t\t\t<div class=\"elementor-widget-container\">\n\t\t\t\t\t<h2 class=\"elementor-heading-title elementor-size-default\">Modernes Verkehrs\u00fcberwachungssystem<\/h2>\t\t\t\t<\/div>\n\t\t\t\t<\/div>\n\t\t\t\t<div class=\"elementor-element elementor-element-0993384 elementor-widget elementor-widget-text-editor\" data-id=\"0993384\" data-element_type=\"widget\" data-widget_type=\"text-editor.default\">\n\t\t\t\t<div class=\"elementor-widget-container\">\n\t\t\t\t\t\t\t\t\tAls zuverl\u00e4ssiger und ehrlicher<strong> Spediteur <\/strong>mit Sitz in Woj. <strong>Pomeranian <\/strong>Wir bieten unseren Kunden ein vollst\u00e4ndig computerisiertes \u00dcberwachungssystem. Es erm\u00f6glicht die Verwaltung von Auftr\u00e4gen und die vollst\u00e4ndige Kontrolle \u00fcber die Sendungen. Dies macht es m\u00f6glich, zu:\n\t\t\t\t\t\t\t\t<\/div>\n\t\t\t\t<\/div>\n\t\t\t\t<div class=\"elementor-element elementor-element-41f92c1 elementor-widget elementor-widget-globefarer_core_list_items\" data-id=\"41f92c1\" data-element_type=\"widget\" data-widget_type=\"globefarer_core_list_items.default\">\n\t\t\t\t<div class=\"elementor-widget-container\">\n\t\t\t\t\t<div class=\"qodef-shortcode qodef-m qodef-list-items qodef-layout--bulleted-list\">\n\t\t\t\t<ul class=\"qodef-m-list\">\n\t\t\t\t\t\t\t\t<li class=\"qodef-m-list-item\" >\n\t<span class=\"qodef-m-list-marker\">\n\t<svg class=\"qodef-svg--tick qodef-m-list-item-marker\" xmlns=\"http:\/\/www.w3.org\/2000\/svg\" width=\"16.971\" height=\"12.728\" viewbox=\"0 0 16.971 12.728\"><g transform=\"translate(-766.793 -1747.429)\"><rect width=\"16\" height=\"2\" transform=\"translate(771.035 1758.743) rotate(-45)\"\/><rect width=\"2\" height=\"8\" transform=\"translate(773.864 1758.743) rotate(135)\"\/><\/g><\/svg><\/span>\n\t<p class=\"qodef-m-list-item-inner\">\n\t\t\t\t\t\t<span class=\"qodef-m-list-text\">\n\t\tVerfolgung des Standorts der Fracht in Echtzeit,\t<\/span>\n\t\t\t<\/p>\n<\/li>\n\t\t\t\t\t\t\t\t<li class=\"qodef-m-list-item\" >\n\t<span class=\"qodef-m-list-marker\">\n\t<svg class=\"qodef-svg--tick qodef-m-list-item-marker\" xmlns=\"http:\/\/www.w3.org\/2000\/svg\" width=\"16.971\" height=\"12.728\" viewbox=\"0 0 16.971 12.728\"><g transform=\"translate(-766.793 -1747.429)\"><rect width=\"16\" height=\"2\" transform=\"translate(771.035 1758.743) rotate(-45)\"\/><rect width=\"2\" height=\"8\" transform=\"translate(773.864 1758.743) rotate(135)\"\/><\/g><\/svg><\/span>\n\t<p class=\"qodef-m-list-item-inner\">\n\t\t\t\t\t\t<span class=\"qodef-m-list-text\">\n\t\tKontrolle der geplanten Lieferzeiten und schnelle Reaktion auf etwaige Verz\u00f6gerungen,\t<\/span>\n\t\t\t<\/p>\n<\/li>\n\t\t\t\t\t\t\t\t<li class=\"qodef-m-list-item\" >\n\t<span class=\"qodef-m-list-marker\">\n\t<svg class=\"qodef-svg--tick qodef-m-list-item-marker\" xmlns=\"http:\/\/www.w3.org\/2000\/svg\" width=\"16.971\" height=\"12.728\" viewbox=\"0 0 16.971 12.728\"><g transform=\"translate(-766.793 -1747.429)\"><rect width=\"16\" height=\"2\" transform=\"translate(771.035 1758.743) rotate(-45)\"\/><rect width=\"2\" height=\"8\" transform=\"translate(773.864 1758.743) rotate(135)\"\/><\/g><\/svg><\/span>\n\t<p class=\"qodef-m-list-item-inner\">\n\t\t\t\t\t\t<span class=\"qodef-m-list-text\">\n\t\tEinblick in die Auftragshistorie und archivierte Transportdaten,\t<\/span>\n\t\t\t<\/p>\n<\/li>\n\t\t\t\t\t\t\t\t<li class=\"qodef-m-list-item\" >\n\t<span class=\"qodef-m-list-marker\">\n\t<svg class=\"qodef-svg--tick qodef-m-list-item-marker\" xmlns=\"http:\/\/www.w3.org\/2000\/svg\" width=\"16.971\" height=\"12.728\" viewbox=\"0 0 16.971 12.728\"><g transform=\"translate(-766.793 -1747.429)\"><rect width=\"16\" height=\"2\" transform=\"translate(771.035 1758.743) rotate(-45)\"\/><rect width=\"2\" height=\"8\" transform=\"translate(773.864 1758.743) rotate(135)\"\/><\/g><\/svg><\/span>\n\t<p class=\"qodef-m-list-item-inner\">\n\t\t\t\t\t\t<span class=\"qodef-m-list-text\">\n\t\tZugang zu den Transportdokumenten (CMR, Frachtgewichtsbest\u00e4tigungen) unmittelbar nach der Entladung,\t<\/span>\n\t\t\t<\/p>\n<\/li>\n\t\t\t\t\t\t\t\t<li class=\"qodef-m-list-item\" >\n\t<span class=\"qodef-m-list-marker\">\n\t<svg class=\"qodef-svg--tick qodef-m-list-item-marker\" xmlns=\"http:\/\/www.w3.org\/2000\/svg\" width=\"16.971\" height=\"12.728\" viewbox=\"0 0 16.971 12.728\"><g transform=\"translate(-766.793 -1747.429)\"><rect width=\"16\" height=\"2\" transform=\"translate(771.035 1758.743) rotate(-45)\"\/><rect width=\"2\" height=\"8\" transform=\"translate(773.864 1758.743) rotate(135)\"\/><\/g><\/svg><\/span>\n\t<p class=\"qodef-m-list-item-inner\">\n\t\t\t\t\t\t<span class=\"qodef-m-list-text\">\n\t\tdie M\u00f6glichkeit, Rechnungen elektronisch zu erstellen,\t<\/span>\n\t\t\t<\/p>\n<\/li>\n\t\t\t\t\t\t\t\t<li class=\"qodef-m-list-item\" >\n\t<span class=\"qodef-m-list-marker\">\n\t<svg class=\"qodef-svg--tick qodef-m-list-item-marker\" xmlns=\"http:\/\/www.w3.org\/2000\/svg\" width=\"16.971\" height=\"12.728\" viewbox=\"0 0 16.971 12.728\"><g transform=\"translate(-766.793 -1747.429)\"><rect width=\"16\" height=\"2\" transform=\"translate(771.035 1758.743) rotate(-45)\"\/><rect width=\"2\" height=\"8\" transform=\"translate(773.864 1758.743) rotate(135)\"\/><\/g><\/svg><\/span>\n\t<p class=\"qodef-m-list-item-inner\">\n\t\t\t\t\t\t<span class=\"qodef-m-list-text\">\n\t\tst\u00e4ndiger Kontakt mit dem Fahrer in jeder Phase der Umsetzung.\t<\/span>\n\t\t\t<\/p>\n<\/li>\n\t\t\t\t<\/ul>\n\t<\/div>\n\t\t\t\t<\/div>\n\t\t\t\t<\/div>\n\t\t\t\t<\/div>\n\t\t\t\t<\/div>\n\t\t\t\t\t<\/div>\n\t\t<\/div>\n\t\t\t\t\t<\/div>\n\t\t<\/section>\n\t\t\t\t<section class=\"elementor-section elementor-top-section elementor-element elementor-element-d9cde41 elementor-section-full_width qodef-elementor-content-grid elementor-section-height-default elementor-section-height-default\" data-id=\"d9cde41\" data-element_type=\"section\" data-settings=\"{&quot;background_background&quot;:&quot;classic&quot;}\">\n\t\t\t\t\t\t<div class=\"elementor-container elementor-column-gap-no\">\n\t\t\t\t\t<div class=\"elementor-column elementor-col-100 elementor-top-column elementor-element elementor-element-7e5eefd\" data-id=\"7e5eefd\" data-element_type=\"column\">\n\t\t\t<div class=\"elementor-widget-wrap elementor-element-populated\">\n\t\t\t\t<div class=\"elementor-element elementor-element-8c2b825 e-con-full e-flex qodef-elementor-content-no e-con e-parent\" data-id=\"8c2b825\" data-element_type=\"container\">\n\t\t\t\t<div class=\"elementor-element elementor-element-7bd482e elementor-widget elementor-widget-text-editor\" data-id=\"7bd482e\" data-element_type=\"widget\" data-widget_type=\"text-editor.default\">\n\t\t\t\t<div class=\"elementor-widget-container\">\n\t\t\t\t\t\t\t\t\tAuf diese Weise organisiert, sind unsere Dienstleistungen f\u00fcr <strong>internationaler Transport und Spedition <\/strong>sind nicht nur effizient, sondern auch transparent. Wir gew\u00e4hrleisten die volle Kontrolle \u00fcber die uns anvertraute Ladung, wodurch die Kunden unn\u00f6tige Verluste vermeiden und das Risiko von Ausfallzeiten und Missverst\u00e4ndnissen verringern k\u00f6nnen.\t\t\t\t\t\t\t\t<\/div>\n\t\t\t\t<\/div>\n\t\t\t\t<\/div>\n\t\t\t\t\t<\/div>\n\t\t<\/div>\n\t\t\t\t\t<\/div>\n\t\t<\/section>\n\t\t\t\t<section class=\"elementor-section elementor-top-section elementor-element elementor-element-528cd25 elementor-section-full_width qodef-elementor-content-grid elementor-section-height-default elementor-section-height-default\" data-id=\"528cd25\" data-element_type=\"section\" data-settings=\"{&quot;background_background&quot;:&quot;classic&quot;}\">\n\t\t\t\t\t\t\t<div class=\"elementor-background-overlay\"><\/div>\n\t\t\t\t\t\t\t<div class=\"elementor-container elementor-column-gap-no\">\n\t\t\t\t\t<div class=\"elementor-column elementor-col-100 elementor-top-column elementor-element elementor-element-7f298f9\" data-id=\"7f298f9\" data-element_type=\"column\">\n\t\t\t<div class=\"elementor-widget-wrap elementor-element-populated\">\n\t\t\t\t\t\t<div class=\"elementor-element elementor-element-c83609c elementor-widget__width-auto elementor-widget elementor-widget-heading\" data-id=\"c83609c\" data-element_type=\"widget\" data-widget_type=\"heading.default\">\n\t\t\t\t<div class=\"elementor-widget-container\">\n\t\t\t\t\t<h3 class=\"elementor-heading-title elementor-size-default\">Erfahren Sie mehr \u00fcber unser Angebot<\/h3>\t\t\t\t<\/div>\n\t\t\t\t<\/div>\n\t\t\t\t<div class=\"elementor-element elementor-element-d3cf6cc elementor-align-center elementor-widget elementor-widget-button\" data-id=\"d3cf6cc\" data-element_type=\"widget\" data-widget_type=\"button.default\">\n\t\t\t\t<div class=\"elementor-widget-container\">\n\t\t\t\t\t\t\t\t\t<div class=\"elementor-button-wrapper\">\n\t\t\t\t\t<a class=\"elementor-button elementor-button-link elementor-size-sm\" href=\"\/de\/kontakt\/\">\n\t\t\t\t\t\t<span class=\"elementor-button-content-wrapper\">\n\t\t\t\t\t\t<span class=\"elementor-button-icon\">\n\t\t\t\t<svg aria-hidden=\"true\" class=\"e-font-icon-svg e-far-comment-alt\" viewbox=\"0 0 512 512\" xmlns=\"http:\/\/www.w3.org\/2000\/svg\"><path d=\"M448 0H64C28.7 0 0 28.7 0 64v288c0 35.3 28.7 64 64 64h96v84c0 7.1 5.8 12 12 12 2.4 0 4.9-.7 7.1-2.4L304 416h144c35.3 0 64-28.7 64-64V64c0-35.3-28.7-64-64-64zm16 352c0 8.8-7.2 16-16 16H288l-12.8 9.6L208 428v-60H64c-8.8 0-16-7.2-16-16V64c0-8.8 7.2-16 16-16h384c8.8 0 16 7.2 16 16v288z\"><\/path><\/svg>\t\t\t<\/span>\n\t\t\t\t\t\t\t\t\t<span class=\"elementor-button-text\">Nehmen Sie Kontakt mit uns auf!<\/span>\n\t\t\t\t\t<\/span>\n\t\t\t\t\t<\/a>\n\t\t\t\t<\/div>\n\t\t\t\t\t\t\t\t<\/div>\n\t\t\t\t<\/div>\n\t\t\t\t\t<\/div>\n\t\t<\/div>\n\t\t\t\t\t<\/div>\n\t\t<\/section>\n\t\t\t\t<\/div>","protected":false},"excerpt":{"rendered":"<p>Nationale und internationale Spedition Wir bieten nicht nur professionellen Stra\u00dfentransport, sondern auch einen kompletten Service im Bereich der nationalen und internationalen Spedition. Unsere Dienstleistungen umfassen die Organisation von Transporten in Polen und ganz Europa. So k\u00f6nnen unsere Kunden sicher sein, dass ihre Ladungen von erfahrenen Spezialisten geplant, koordiniert und \u00fcberwacht werden. Wir bieten Transport, nationale und internationale Spedition, [...].<\/p>","protected":false},"author":2,"featured_media":0,"parent":0,"menu_order":0,"comment_status":"closed","ping_status":"closed","template":"page-full-width.php","meta":{"footnotes":""},"class_list":["post-8064","page","type-page","status-publish","hentry"],"yoast_head":"<!-- This site is optimized with the Yoast SEO plugin v25.9 - https:\/\/yoast.com\/wordpress\/plugins\/seo\/ -->\n<title>Transport mi\u0119dzynarodowy i spedycja \u2013 Sobanscy<\/title>\n<meta name=\"description\" content=\"Oferujemy spedycje i transport krajowy oraz mi\u0119dzynarodowy dla firm. Jako spedytor mi\u0119dzynarodowy z woj. pomorskiego realizujemy bezpieczne dostawy. Sprawd\u017a!\" \/>\n<meta name=\"robots\" content=\"index, follow, max-snippet:-1, max-image-preview:large, max-video-preview:-1\" \/>\n<link rel=\"canonical\" href=\"https:\/\/sobanscy.eu\/de\/spedycja\/\" \/>\n<meta property=\"og:locale\" content=\"de_DE\" \/>\n<meta property=\"og:type\" content=\"article\" \/>\n<meta property=\"og:title\" content=\"Transport mi\u0119dzynarodowy i spedycja \u2013 Sobanscy\" \/>\n<meta property=\"og:description\" content=\"Oferujemy spedycje i transport krajowy oraz mi\u0119dzynarodowy dla firm. Jako spedytor mi\u0119dzynarodowy z woj. pomorskiego realizujemy bezpieczne dostawy. Sprawd\u017a!\" \/>\n<meta property=\"og:url\" content=\"https:\/\/sobanscy.eu\/de\/spedycja\/\" \/>\n<meta property=\"og:site_name\" content=\"Sobanscy Transport\" \/>\n<meta property=\"article:modified_time\" content=\"2025-12-03T12:22:22+00:00\" \/>\n<meta property=\"og:image\" content=\"https:\/\/sobanscy.eu\/wp-content\/uploads\/2025\/05\/IMG_7160.jpg\" \/>\n\t<meta property=\"og:image:width\" content=\"1200\" \/>\n\t<meta property=\"og:image:height\" content=\"800\" \/>\n\t<meta property=\"og:image:type\" content=\"image\/jpeg\" \/>\n<meta name=\"twitter:card\" content=\"summary_large_image\" \/>\n<meta name=\"twitter:label1\" content=\"Gesch\u00e4tzte Lesezeit\" \/>\n\t<meta name=\"twitter:data1\" content=\"2\u00a0Minuten\" \/>\n<script type=\"application\/ld+json\" class=\"yoast-schema-graph\">{\"@context\":\"https:\/\/schema.org\",\"@graph\":[{\"@type\":\"WebPage\",\"@id\":\"https:\/\/sobanscy.eu\/spedycja\/\",\"url\":\"https:\/\/sobanscy.eu\/spedycja\/\",\"name\":\"Transport mi\u0119dzynarodowy i spedycja \u2013 Sobanscy\",\"isPartOf\":{\"@id\":\"https:\/\/sobanscy.eu\/en\/#website\"},\"primaryImageOfPage\":{\"@id\":\"https:\/\/sobanscy.eu\/spedycja\/#primaryimage\"},\"image\":{\"@id\":\"https:\/\/sobanscy.eu\/spedycja\/#primaryimage\"},\"thumbnailUrl\":\"https:\/\/sobanscy.eu\/wp-content\/uploads\/2025\/05\/IMG_7160-1024x683.jpg\",\"datePublished\":\"2025-05-11T20:59:16+00:00\",\"dateModified\":\"2025-12-03T12:22:22+00:00\",\"description\":\"Oferujemy spedycje i transport krajowy oraz mi\u0119dzynarodowy dla firm. Jako spedytor mi\u0119dzynarodowy z woj. pomorskiego realizujemy bezpieczne dostawy. Sprawd\u017a!\",\"breadcrumb\":{\"@id\":\"https:\/\/sobanscy.eu\/spedycja\/#breadcrumb\"},\"inLanguage\":\"de\",\"potentialAction\":[{\"@type\":\"ReadAction\",\"target\":[\"https:\/\/sobanscy.eu\/spedycja\/\"]}]},{\"@type\":\"ImageObject\",\"inLanguage\":\"de\",\"@id\":\"https:\/\/sobanscy.eu\/spedycja\/#primaryimage\",\"url\":\"https:\/\/sobanscy.eu\/wp-content\/uploads\/2025\/05\/IMG_7160-1024x683.jpg\",\"contentUrl\":\"https:\/\/sobanscy.eu\/wp-content\/uploads\/2025\/05\/IMG_7160-1024x683.jpg\"},{\"@type\":\"BreadcrumbList\",\"@id\":\"https:\/\/sobanscy.eu\/spedycja\/#breadcrumb\",\"itemListElement\":[{\"@type\":\"ListItem\",\"position\":1,\"name\":\"Strona g\u0142\u00f3wna\",\"item\":\"https:\/\/sobanscy.eu\/\"},{\"@type\":\"ListItem\",\"position\":2,\"name\":\"Spedycja\"}]},{\"@type\":\"WebSite\",\"@id\":\"https:\/\/sobanscy.eu\/en\/#website\",\"url\":\"https:\/\/sobanscy.eu\/en\/\",\"name\":\"Sobanscy Transport\",\"description\":\"\",\"potentialAction\":[{\"@type\":\"SearchAction\",\"target\":{\"@type\":\"EntryPoint\",\"urlTemplate\":\"https:\/\/sobanscy.eu\/en\/?s={search_term_string}\"},\"query-input\":{\"@type\":\"PropertyValueSpecification\",\"valueRequired\":true,\"valueName\":\"search_term_string\"}}],\"inLanguage\":\"de\"}]}<\/script>\n<!-- \/ Yoast SEO plugin. -->","yoast_head_json":{"title":"Transport mi\u0119dzynarodowy i spedycja \u2013 Sobanscy","description":"Oferujemy spedycje i transport krajowy oraz mi\u0119dzynarodowy dla firm. Jako spedytor mi\u0119dzynarodowy z woj. pomorskiego realizujemy bezpieczne dostawy. Sprawd\u017a!","robots":{"index":"index","follow":"follow","max-snippet":"max-snippet:-1","max-image-preview":"max-image-preview:large","max-video-preview":"max-video-preview:-1"},"canonical":"https:\/\/sobanscy.eu\/de\/spedycja\/","og_locale":"de_DE","og_type":"article","og_title":"Transport mi\u0119dzynarodowy i spedycja \u2013 Sobanscy","og_description":"Oferujemy spedycje i transport krajowy oraz mi\u0119dzynarodowy dla firm. Jako spedytor mi\u0119dzynarodowy z woj. pomorskiego realizujemy bezpieczne dostawy. Sprawd\u017a!","og_url":"https:\/\/sobanscy.eu\/de\/spedycja\/","og_site_name":"Sobanscy Transport","article_modified_time":"2025-12-03T12:22:22+00:00","og_image":[{"width":1200,"height":800,"url":"https:\/\/sobanscy.eu\/wp-content\/uploads\/2025\/05\/IMG_7160.jpg","type":"image\/jpeg"}],"twitter_card":"summary_large_image","twitter_misc":{"Gesch\u00e4tzte Lesezeit":"2\u00a0Minuten"},"schema":{"@context":"https:\/\/schema.org","@graph":[{"@type":"WebPage","@id":"https:\/\/sobanscy.eu\/spedycja\/","url":"https:\/\/sobanscy.eu\/spedycja\/","name":"Transport mi\u0119dzynarodowy i spedycja \u2013 Sobanscy","isPartOf":{"@id":"https:\/\/sobanscy.eu\/en\/#website"},"primaryImageOfPage":{"@id":"https:\/\/sobanscy.eu\/spedycja\/#primaryimage"},"image":{"@id":"https:\/\/sobanscy.eu\/spedycja\/#primaryimage"},"thumbnailUrl":"https:\/\/sobanscy.eu\/wp-content\/uploads\/2025\/05\/IMG_7160-1024x683.jpg","datePublished":"2025-05-11T20:59:16+00:00","dateModified":"2025-12-03T12:22:22+00:00","description":"Oferujemy spedycje i transport krajowy oraz mi\u0119dzynarodowy dla firm. Jako spedytor mi\u0119dzynarodowy z woj. pomorskiego realizujemy bezpieczne dostawy. Sprawd\u017a!","breadcrumb":{"@id":"https:\/\/sobanscy.eu\/spedycja\/#breadcrumb"},"inLanguage":"de","potentialAction":[{"@type":"ReadAction","target":["https:\/\/sobanscy.eu\/spedycja\/"]}]},{"@type":"ImageObject","inLanguage":"de","@id":"https:\/\/sobanscy.eu\/spedycja\/#primaryimage","url":"https:\/\/sobanscy.eu\/wp-content\/uploads\/2025\/05\/IMG_7160-1024x683.jpg","contentUrl":"https:\/\/sobanscy.eu\/wp-content\/uploads\/2025\/05\/IMG_7160-1024x683.jpg"},{"@type":"BreadcrumbList","@id":"https:\/\/sobanscy.eu\/spedycja\/#breadcrumb","itemListElement":[{"@type":"ListItem","position":1,"name":"Strona g\u0142\u00f3wna","item":"https:\/\/sobanscy.eu\/"},{"@type":"ListItem","position":2,"name":"Spedycja"}]},{"@type":"WebSite","@id":"https:\/\/sobanscy.eu\/en\/#website","url":"https:\/\/sobanscy.eu\/en\/","name":"Sobanscy Transport","description":"","potentialAction":[{"@type":"SearchAction","target":{"@type":"EntryPoint","urlTemplate":"https:\/\/sobanscy.eu\/en\/?s={search_term_string}"},"query-input":{"@type":"PropertyValueSpecification","valueRequired":true,"valueName":"search_term_string"}}],"inLanguage":"de"}]}},"_links":{"self":[{"href":"https:\/\/sobanscy.eu\/de\/wp-json\/wp\/v2\/pages\/8064","targetHints":{"allow":["GET"]}}],"collection":[{"href":"https:\/\/sobanscy.eu\/de\/wp-json\/wp\/v2\/pages"}],"about":[{"href":"https:\/\/sobanscy.eu\/de\/wp-json\/wp\/v2\/types\/page"}],"author":[{"embeddable":true,"href":"https:\/\/sobanscy.eu\/de\/wp-json\/wp\/v2\/users\/2"}],"replies":[{"embeddable":true,"href":"https:\/\/sobanscy.eu\/de\/wp-json\/wp\/v2\/comments?post=8064"}],"version-history":[{"count":29,"href":"https:\/\/sobanscy.eu\/de\/wp-json\/wp\/v2\/pages\/8064\/revisions"}],"predecessor-version":[{"id":9133,"href":"https:\/\/sobanscy.eu\/de\/wp-json\/wp\/v2\/pages\/8064\/revisions\/9133"}],"wp:attachment":[{"href":"https:\/\/sobanscy.eu\/de\/wp-json\/wp\/v2\/media?parent=8064"}],"curies":[{"name":"wp","href":"https:\/\/api.w.org\/{rel}","templated":true}]}}